{"id":2117,"date":"2023-05-30T11:16:35","date_gmt":"2023-05-30T09:16:35","guid":{"rendered":"https:\/\/2024.custombikeshow.se\/?page_id=2117"},"modified":"2024-06-02T07:11:58","modified_gmt":"2024-06-02T05:11:58","slug":"jury","status":"publish","type":"page","link":"https:\/\/2024.custombikeshow.se\/de\/jury\/","title":{"rendered":"JURY"},"content":{"rendered":"<div class=\"gb-container gb-container-1019aaac\">\n<div class=\"gb-container gb-container-a7f0baa1\">\n\n<h1 class=\"gb-headline gb-headline-5a28fcf9 gb-headline-text\">Die Jury<\/h1>\n\n\n\n<figure class=\"gb-block-image gb-block-image-cf52559e\"><img loading=\"lazy\" decoding=\"async\" width=\"1808\" height=\"1017\" class=\"gb-image gb-image-cf52559e\" src=\"https:\/\/2024.custombikeshow.se\/wp-content\/uploads\/2024\/06\/Custom-Bike-Show-2024-Jury.webp\" alt=\"\" title=\"Custom-Bike-Show-2024-Jury\" srcset=\"https:\/\/2024.custombikeshow.se\/wp-content\/uploads\/2024\/06\/Custom-Bike-Show-2024-Jury.webp 1808w, https:\/\/2024.custombikeshow.se\/wp-content\/uploads\/2024\/06\/Custom-Bike-Show-2024-Jury-300x169.webp 300w, https:\/\/2024.custombikeshow.se\/wp-content\/uploads\/2024\/06\/Custom-Bike-Show-2024-Jury-1024x576.webp 1024w, https:\/\/2024.custombikeshow.se\/wp-content\/uploads\/2024\/06\/Custom-Bike-Show-2024-Jury-768x432.webp 768w, https:\/\/2024.custombikeshow.se\/wp-content\/uploads\/2024\/06\/Custom-Bike-Show-2024-Jury-1536x864.webp 1536w, https:\/\/2024.custombikeshow.se\/wp-content\/uploads\/2024\/06\/Custom-Bike-Show-2024-Jury-18x10.webp 18w\" sizes=\"auto, (max-width: 1808px) 100vw, 1808px\" \/><\/figure>\n\n\n\n<p>Der Twin Club hat einen eigenen Preis ins Leben gerufen, den \"Twin Club Jury Award\".<\/p>\n\n\n\n<p>Hierf\u00fcr haben wir eine Jury aus 5 Personen zusammengestellt, die verschiedene Genres der edlen Kunst des Motorradbaus repr\u00e4sentieren.<\/p>\n\n\n\n<p>Die Jury besteht aus:<\/p>\n\n\n<div class=\"gb-container gb-container-cd08ce27\">\n\n<div class=\"gb-grid-wrapper gb-grid-wrapper-3a8ef08e gb-query-loop-wrapper\">\n<div class=\"gb-grid-column gb-grid-column-3eb1be92 gb-query-loop-item post-3691 post type-post status-publish format-standard has-post-thumbnail hentry category-jury\"><div class=\"gb-container gb-container-3eb1be92\">\n<figure class=\"gb-block-image gb-block-image-849c74ef\"><img loading=\"lazy\" decoding=\"async\" width=\"640\" height=\"1024\" src=\"https:\/\/2024.custombikeshow.se\/wp-content\/uploads\/2024\/05\/Polina_n-1-640x1024.jpg\" class=\"gb-image-849c74ef\" alt=\"\" srcset=\"https:\/\/2024.custombikeshow.se\/wp-content\/uploads\/2024\/05\/Polina_n-1-640x1024.jpg 640w, https:\/\/2024.custombikeshow.se\/wp-content\/uploads\/2024\/05\/Polina_n-1-187x300.jpg 187w, https:\/\/2024.custombikeshow.se\/wp-content\/uploads\/2024\/05\/Polina_n-1-768x1229.jpg 768w, https:\/\/2024.custombikeshow.se\/wp-content\/uploads\/2024\/05\/Polina_n-1-960x1536.jpg 960w, https:\/\/2024.custombikeshow.se\/wp-content\/uploads\/2024\/05\/Polina_n-1.jpg 1200w\" sizes=\"auto, (max-width: 640px) 100vw, 640px\" \/><\/figure>\n\n<h2 class=\"gb-headline gb-headline-4255a873 gb-headline-text\"><a href=\"https:\/\/2024.custombikeshow.se\/de\/polina-krasnova-italien\/\">Polina Krasnova - Italien<\/a><\/h2>\n\n<p class=\"gb-headline gb-headline-0fca2db0 gb-headline-text\"><a href=\"https:\/\/2024.custombikeshow.se\/de\/polina-krasnova-italien\/\">Mehr lesen<\/a><\/p>\n<\/div><\/div>\n\n<div class=\"gb-grid-column gb-grid-column-3eb1be92 gb-query-loop-item post-3687 post type-post status-publish format-standard has-post-thumbnail hentry category-jury\"><div class=\"gb-container gb-container-3eb1be92\">\n<figure class=\"gb-block-image gb-block-image-849c74ef\"><img loading=\"lazy\" decoding=\"async\" width=\"768\" height=\"1024\" src=\"https:\/\/2024.custombikeshow.se\/wp-content\/uploads\/2024\/05\/Franz_n-1-768x1024.jpg\" class=\"gb-image-849c74ef\" alt=\"\" srcset=\"https:\/\/2024.custombikeshow.se\/wp-content\/uploads\/2024\/05\/Franz_n-1-768x1024.jpg 768w, https:\/\/2024.custombikeshow.se\/wp-content\/uploads\/2024\/05\/Franz_n-1-225x300.jpg 225w, https:\/\/2024.custombikeshow.se\/wp-content\/uploads\/2024\/05\/Franz_n-1-1152x1536.jpg 1152w, https:\/\/2024.custombikeshow.se\/wp-content\/uploads\/2024\/05\/Franz_n-1.jpg 1200w\" sizes=\"auto, (max-width: 768px) 100vw, 768px\" \/><\/figure>\n\n<h2 class=\"gb-headline gb-headline-4255a873 gb-headline-text\"><a href=\"https:\/\/2024.custombikeshow.se\/de\/franz-francesco-sassoli\/\">Herr Francesco Sassoli<\/a><\/h2>\n\n<p class=\"gb-headline gb-headline-0fca2db0 gb-headline-text\"><a href=\"https:\/\/2024.custombikeshow.se\/de\/franz-francesco-sassoli\/\">Mehr lesen<\/a><\/p>\n<\/div><\/div>\n\n<div class=\"gb-grid-column gb-grid-column-3eb1be92 gb-query-loop-item post-3769 post type-post status-publish format-standard has-post-thumbnail hentry category-jury\"><div class=\"gb-container gb-container-3eb1be92\">\n<figure class=\"gb-block-image gb-block-image-849c74ef\"><img loading=\"lazy\" decoding=\"async\" width=\"594\" height=\"438\" src=\"https:\/\/2024.custombikeshow.se\/wp-content\/uploads\/2024\/05\/Perra_n.jpg\" class=\"gb-image-849c74ef\" alt=\"\" srcset=\"https:\/\/2024.custombikeshow.se\/wp-content\/uploads\/2024\/05\/Perra_n.jpg 594w, https:\/\/2024.custombikeshow.se\/wp-content\/uploads\/2024\/05\/Perra_n-300x221.jpg 300w, https:\/\/2024.custombikeshow.se\/wp-content\/uploads\/2024\/05\/Perra_n-16x12.jpg 16w\" sizes=\"auto, (max-width: 594px) 100vw, 594px\" \/><\/figure>\n\n<h2 class=\"gb-headline gb-headline-4255a873 gb-headline-text\"><a href=\"https:\/\/2024.custombikeshow.se\/de\/perra-pettersson-twin-club-mc-norrtalje\/\">Perra Pettersson - Twin Club Mc - Norrt\u00e4lje<\/a><\/h2>\n\n<p class=\"gb-headline gb-headline-0fca2db0 gb-headline-text\"><a href=\"https:\/\/2024.custombikeshow.se\/de\/perra-pettersson-twin-club-mc-norrtalje\/\">Mehr lesen<\/a><\/p>\n<\/div><\/div>\n\n<div class=\"gb-grid-column gb-grid-column-3eb1be92 gb-query-loop-item post-3689 post type-post status-publish format-standard has-post-thumbnail hentry category-jury\"><div class=\"gb-container gb-container-3eb1be92\">\n<figure class=\"gb-block-image gb-block-image-849c74ef\"><img loading=\"lazy\" decoding=\"async\" width=\"1024\" height=\"1018\" src=\"https:\/\/2024.custombikeshow.se\/wp-content\/uploads\/2024\/05\/Daniel_n-1-1024x1018.jpg\" class=\"gb-image-849c74ef\" alt=\"\" srcset=\"https:\/\/2024.custombikeshow.se\/wp-content\/uploads\/2024\/05\/Daniel_n-1-1024x1018.jpg 1024w, https:\/\/2024.custombikeshow.se\/wp-content\/uploads\/2024\/05\/Daniel_n-1-300x298.jpg 300w, https:\/\/2024.custombikeshow.se\/wp-content\/uploads\/2024\/05\/Daniel_n-1-150x150.jpg 150w, https:\/\/2024.custombikeshow.se\/wp-content\/uploads\/2024\/05\/Daniel_n-1-768x763.jpg 768w, https:\/\/2024.custombikeshow.se\/wp-content\/uploads\/2024\/05\/Daniel_n-1.jpg 1170w\" sizes=\"auto, (max-width: 1024px) 100vw, 1024px\" \/><\/figure>\n\n<h2 class=\"gb-headline gb-headline-4255a873 gb-headline-text\"><a href=\"https:\/\/2024.custombikeshow.se\/de\/daniel-andersson-borlange\/\">Daniel Andersson - Borl\u00e4nge<\/a><\/h2>\n\n<p class=\"gb-headline gb-headline-0fca2db0 gb-headline-text\"><a href=\"https:\/\/2024.custombikeshow.se\/de\/daniel-andersson-borlange\/\">Mehr lesen<\/a><\/p>\n<\/div><\/div>\n\n<div class=\"gb-grid-column gb-grid-column-3eb1be92 gb-query-loop-item post-3693 post type-post status-publish format-standard has-post-thumbnail hentry category-jury\"><div class=\"gb-container gb-container-3eb1be92\">\n<figure class=\"gb-block-image gb-block-image-849c74ef\"><img loading=\"lazy\" decoding=\"async\" width=\"481\" height=\"469\" src=\"https:\/\/2024.custombikeshow.se\/wp-content\/uploads\/2024\/05\/Owe_n-1.jpg\" class=\"gb-image-849c74ef\" alt=\"\" srcset=\"https:\/\/2024.custombikeshow.se\/wp-content\/uploads\/2024\/05\/Owe_n-1.jpg 481w, https:\/\/2024.custombikeshow.se\/wp-content\/uploads\/2024\/05\/Owe_n-1-300x293.jpg 300w\" sizes=\"auto, (max-width: 481px) 100vw, 481px\" \/><\/figure>\n\n<h2 class=\"gb-headline gb-headline-4255a873 gb-headline-text\"><a href=\"https:\/\/2024.custombikeshow.se\/de\/owe-brandt-stockholm\/\">Owe Brandt - Stockholm<\/a><\/h2>\n\n<p class=\"gb-headline gb-headline-0fca2db0 gb-headline-text\"><a href=\"https:\/\/2024.custombikeshow.se\/de\/owe-brandt-stockholm\/\">Mehr lesen<\/a><\/p>\n<\/div><\/div>\n<\/div>\n\n<\/div>\n<\/div>\n<\/div>","protected":false},"excerpt":{"rendered":"<p>Jury Twin Club har inr\u00e4ttat ett eget pris kallat \u201dTwin Club Jury Award\u201d. Till det s\u00e4tter vi ihop en jury som best\u00e5r av 5 personer som representerar olika genrer inom motorcykelbyggandets \u00e4dla konst. Juryn best\u00e5r av:<\/p>","protected":false},"author":1,"featured_media":0,"parent":0,"menu_order":0,"comment_status":"closed","ping_status":"closed","template":"","meta":{"_gspb_post_css":"","iawp_total_views":295,"footnotes":""},"class_list":["post-2117","page","type-page","status-publish"],"_links":{"self":[{"href":"https:\/\/2024.custombikeshow.se\/de\/wp-json\/wp\/v2\/pages\/2117","targetHints":{"allow":["GET"]}}],"collection":[{"href":"https:\/\/2024.custombikeshow.se\/de\/wp-json\/wp\/v2\/pages"}],"about":[{"href":"https:\/\/2024.custombikeshow.se\/de\/wp-json\/wp\/v2\/types\/page"}],"author":[{"embeddable":true,"href":"https:\/\/2024.custombikeshow.se\/de\/wp-json\/wp\/v2\/users\/1"}],"replies":[{"embeddable":true,"href":"https:\/\/2024.custombikeshow.se\/de\/wp-json\/wp\/v2\/comments?post=2117"}],"version-history":[{"count":54,"href":"https:\/\/2024.custombikeshow.se\/de\/wp-json\/wp\/v2\/pages\/2117\/revisions"}],"predecessor-version":[{"id":5135,"href":"https:\/\/2024.custombikeshow.se\/de\/wp-json\/wp\/v2\/pages\/2117\/revisions\/5135"}],"wp:attachment":[{"href":"https:\/\/2024.custombikeshow.se\/de\/wp-json\/wp\/v2\/media?parent=2117"}],"curies":[{"name":"wp","href":"https:\/\/api.w.org\/{rel}","templated":true}]}}