{"id":39,"date":"2022-04-08T09:12:02","date_gmt":"2022-04-08T07:12:02","guid":{"rendered":"https:\/\/2024.custombikeshow.se\/?page_id=39"},"modified":"2024-05-30T17:04:23","modified_gmt":"2024-05-30T15:04:23","slug":"program","status":"publish","type":"page","link":"https:\/\/2024.custombikeshow.se\/de\/program\/","title":{"rendered":"Programm"},"content":{"rendered":"<div class=\"gb-container gb-container-4f3e2118\">\n<div class=\"gb-container gb-container-36c55d45\">\n\n<h1 class=\"gb-headline gb-headline-41f8c555 gb-headline-text\">Programm - Custom Bike Show<\/h1>\n\n\n\n<p class=\"gb-headline gb-headline-8f889005 gb-headline-text\">10:00 \u00d6ffnung f\u00fcr Besucher<\/p>\n\n\n\n<p class=\"gb-headline gb-headline-5559749e gb-headline-text\">12:00 Black Paisley spielt auf der Hauptb\u00fchne.<\/p>\n\n\n\n<p class=\"gb-headline gb-headline-20703d99 gb-headline-text\">13:00 Letzter Einlass f\u00fcr Aussteller<\/p>\n\n\n\n<p class=\"gb-headline gb-headline-98bc1273 gb-headline-text\">14:00 Letzte M\u00f6glichkeit zur Stimmabgabe \"Peoples Choice\".<\/p>\n\n\n\n<p class=\"gb-headline gb-headline-deb7fd12 gb-headline-text\">14:00 Sky High spielt auf der Hauptb\u00fchne<\/p>\n\n\n\n<p class=\"gb-headline gb-headline-fda543b0 gb-headline-text\">15:00 Siegerehrung<\/p>\n\n\n\n<p class=\"gb-headline gb-headline-8f658c77 gb-headline-text\">17:00 Abschluss und Abreise<\/p>\n\n\n\n<figure class=\"gb-block-image gb-block-image-1920e6d1\"><img loading=\"lazy\" decoding=\"async\" width=\"1200\" height=\"2400\" class=\"gb-image gb-image-1920e6d1\" src=\"https:\/\/2024.custombikeshow.se\/wp-content\/uploads\/2024\/05\/CustomBikeShow_PosterEntre2024-scaled.jpg\" alt=\"\" title=\"CustomBikeShow_PosterEntre2024\" srcset=\"https:\/\/2024.custombikeshow.se\/wp-content\/uploads\/2024\/05\/CustomBikeShow_PosterEntre2024-scaled.jpg 1200w, https:\/\/2024.custombikeshow.se\/wp-content\/uploads\/2024\/05\/CustomBikeShow_PosterEntre2024-150x300.jpg 150w, https:\/\/2024.custombikeshow.se\/wp-content\/uploads\/2024\/05\/CustomBikeShow_PosterEntre2024-512x1024.jpg 512w, https:\/\/2024.custombikeshow.se\/wp-content\/uploads\/2024\/05\/CustomBikeShow_PosterEntre2024-768x1536.jpg 768w, https:\/\/2024.custombikeshow.se\/wp-content\/uploads\/2024\/05\/CustomBikeShow_PosterEntre2024-1024x2048.jpg 1024w\" sizes=\"auto, (max-width: 1200px) 100vw, 1200px\" \/><\/figure>\n\n<\/div>\n<\/div>","protected":false},"excerpt":{"rendered":"<p>Program \u2013 Custom Bike Show 10:00 \u00d6ppnar f\u00f6r bes\u00f6kare 12:00 Black Paisley spelar p\u00e5 stora scenen. 13:00 Sista insl\u00e4pp f\u00f6r utst\u00e4llare 14:00 sista chansen att r\u00f6sta &#8221;Peoples Choice&#8221; 14:00 Sky High spelar p\u00e5 stora scenen 15:00 Prisutdelning 17:00 Avslutning och avf\u00e4rd<\/p>","protected":false},"author":1,"featured_media":0,"parent":0,"menu_order":0,"comment_status":"closed","ping_status":"closed","template":"","meta":{"_gspb_post_css":"","iawp_total_views":3163,"footnotes":""},"class_list":["post-39","page","type-page","status-publish"],"_links":{"self":[{"href":"https:\/\/2024.custombikeshow.se\/de\/wp-json\/wp\/v2\/pages\/39","targetHints":{"allow":["GET"]}}],"collection":[{"href":"https:\/\/2024.custombikeshow.se\/de\/wp-json\/wp\/v2\/pages"}],"about":[{"href":"https:\/\/2024.custombikeshow.se\/de\/wp-json\/wp\/v2\/types\/page"}],"author":[{"embeddable":true,"href":"https:\/\/2024.custombikeshow.se\/de\/wp-json\/wp\/v2\/users\/1"}],"replies":[{"embeddable":true,"href":"https:\/\/2024.custombikeshow.se\/de\/wp-json\/wp\/v2\/comments?post=39"}],"version-history":[{"count":13,"href":"https:\/\/2024.custombikeshow.se\/de\/wp-json\/wp\/v2\/pages\/39\/revisions"}],"predecessor-version":[{"id":4060,"href":"https:\/\/2024.custombikeshow.se\/de\/wp-json\/wp\/v2\/pages\/39\/revisions\/4060"}],"wp:attachment":[{"href":"https:\/\/2024.custombikeshow.se\/de\/wp-json\/wp\/v2\/media?parent=39"}],"curies":[{"name":"wp","href":"https:\/\/api.w.org\/{rel}","templated":true}]}}