{"id":41,"date":"2022-04-08T09:12:04","date_gmt":"2022-04-08T07:12:04","guid":{"rendered":"https:\/\/2024.custombikeshow.se\/?page_id=41"},"modified":"2024-05-30T17:06:53","modified_gmt":"2024-05-30T15:06:53","slug":"faq","status":"publish","type":"page","link":"https:\/\/2024.custombikeshow.se\/de\/faq\/","title":{"rendered":"FAQ"},"content":{"rendered":"<div class=\"gb-container gb-container-e7640f62\">\n<div class=\"gb-container gb-container-2b0e3966\">\n\n<h1 class=\"gb-headline gb-headline-74e8dd9a gb-headline-text\">FAQ<\/h1>\n\n\n\n<p><strong>Was ist das?<\/strong><\/p>\n\n\n\n<p>DIES IST DER DIGITALE TEIL DER CUSTOM BIKE SHOW.<br>Am Samstag, den 1. Juni, findet im Societetetsparken in Norrt\u00e4lje die Custom Bike Show mit vielen coolen Motorr\u00e4dern und Tausenden von Besuchern statt.<br><br>Hier k\u00f6nnen Sie den Tag virtuell anhand von Bildern der ausgestellten Motorr\u00e4der verfolgen, sehen, wer uns unterst\u00fctzt (z. B. Werbepartner) und f\u00fcr Ihr Lieblingsmotorrad \"Peoples Choice\" abstimmen.<br><br>Die Custom Bike Show wird vom Twin Club Mc organisiert, einem der \u00e4ltesten Motorradclubs in Schweden.<\/p>\n\n\n<div class=\"gb-container gb-container-b2e2b52b gb-accordion\">\n<div class=\"gb-container gb-container-5c53934a gb-accordion__item gb-accordion__item-open\" data-transition=\"slide\">\n\n<button class=\"gb-button gb-button-ec8e5aee gb-accordion__toggle gb-block-is-current\"><span class=\"gb-button-text\">Wie kann ich mich anmelden?<\/span><span class=\"gb-icon\"><svg xmlns=\"http:\/\/www.w3.org\/2000\/svg\" viewbox=\"0 0 448 512\" width=\"1em\" height=\"1em\" ariahidden=\"true\" role=\"img\" class=\"gb-accordion__icon\"><path d=\"M207.029 381.476L12.686 187.132c-9.373-9.373-9.373-24.569 0-33.941l22.667-22.667c9.357-9.357 24.522-9.375 33.901-.04L224 284.505l154.745-154.021c9.379-9.335 24.544-9.317 33.901.04l22.667 22.667c9.373 9.373 9.373 24.569 0 33.941L240.971 381.476c-9.373 9.372-24.569 9.372-33.942 0z\" fill=\"currentColor\"><\/path><\/svg><svg xmlns=\"http:\/\/www.w3.org\/2000\/svg\" viewbox=\"0 0 448 512\" width=\"1em\" height=\"1em\" ariahidden=\"true\" role=\"img\" class=\"gb-accordion__icon-open\"><path d=\"M240.971 130.524l194.343 194.343c9.373 9.373 9.373 24.569 0 33.941l-22.667 22.667c-9.357 9.357-24.522 9.375-33.901.04L224 227.495 69.255 381.516c-9.379 9.335-24.544 9.317-33.901-.04l-22.667-22.667c-9.373-9.373-9.373-24.569 0-33.941L207.03 130.525c9.372-9.373 24.568-9.373 33.941-.001z\" fill=\"currentColor\"><\/path><\/svg><\/span><\/button>\n\n\n<div class=\"gb-accordion__content\"><div class=\"gb-container gb-container-8dbf442a\">\n\n<p>Wenn Sie am Societetetsparken ankommen, folgen Sie den Schildern \"Exhibitor\" in den Park. Am Eingang wird Ihr Fahrrad von Marlon &amp; Co. klassifiziert. Folgen Sie dann den Anweisungen und fahren Sie zu dem Bereich, in dem sich Ihre \"Klasse\" befindet. Dort melden Sie sich an und erhalten ein Nummernschild, das Sie an Ihrem Fahrrad befestigen.<br>&nbsp;<br>Die Informationen \u00fcber das Fahrrad, den Besitzer und den Standort werden ver\u00f6ffentlicht. Die von Ihnen angegebenen Kontaktdaten (damit wir Sie erreichen k\u00f6nnen) werden nicht ver\u00f6ffentlicht.<\/p>\n\n<\/div><\/div>\n<\/div>\n\n<div class=\"gb-container gb-container-378b76d5 gb-accordion__item\" data-transition=\"slide\">\n\n<button class=\"gb-button gb-button-4ea61b18 gb-accordion__toggle\"><span class=\"gb-button-text\">Ich habe mehrere Motorr\u00e4der, die ich anmelden m\u00f6chte, wie mache ich das?<\/span><span class=\"gb-icon\"><svg xmlns=\"http:\/\/www.w3.org\/2000\/svg\" viewbox=\"0 0 448 512\" width=\"1em\" height=\"1em\" ariahidden=\"true\" role=\"img\" class=\"gb-accordion__icon\"><path d=\"M207.029 381.476L12.686 187.132c-9.373-9.373-9.373-24.569 0-33.941l22.667-22.667c9.357-9.357 24.522-9.375 33.901-.04L224 284.505l154.745-154.021c9.379-9.335 24.544-9.317 33.901.04l22.667 22.667c9.373 9.373 9.373 24.569 0 33.941L240.971 381.476c-9.373 9.372-24.569 9.372-33.942 0z\" fill=\"currentColor\"><\/path><\/svg><svg xmlns=\"http:\/\/www.w3.org\/2000\/svg\" viewbox=\"0 0 448 512\" width=\"1em\" height=\"1em\" ariahidden=\"true\" role=\"img\" class=\"gb-accordion__icon-open\"><path d=\"M240.971 130.524l194.343 194.343c9.373 9.373 9.373 24.569 0 33.941l-22.667 22.667c-9.357 9.357-24.522 9.375-33.901.04L224 227.495 69.255 381.516c-9.379 9.335-24.544 9.317-33.901-.04l-22.667-22.667c-9.373-9.373-9.373-24.569 0-33.941L207.03 130.525c9.372-9.373 24.568-9.373 33.941-.001z\" fill=\"currentColor\"><\/path><\/svg><\/span><\/button>\n\n\n<div class=\"gb-accordion__content\"><div class=\"gb-container gb-container-03bd9122\">\n\n<p>Das ist in Ordnung, solange du mit dem Motorrad reinf\u00e4hrst, kannst du so viele haben, wie du willst.<\/p>\n\n<\/div><\/div>\n<\/div>\n\n<div class=\"gb-container gb-container-7fe3c939 gb-accordion__item\" data-transition=\"slide\">\n\n<button class=\"gb-button gb-button-697d9f67 gb-accordion__toggle\"><span class=\"gb-button-text\">Wann ist die letzte Gelegenheit, sich anzumelden?<\/span><span class=\"gb-icon\"><svg xmlns=\"http:\/\/www.w3.org\/2000\/svg\" viewbox=\"0 0 448 512\" width=\"1em\" height=\"1em\" ariahidden=\"true\" role=\"img\" class=\"gb-accordion__icon\"><path d=\"M207.029 381.476L12.686 187.132c-9.373-9.373-9.373-24.569 0-33.941l22.667-22.667c9.357-9.357 24.522-9.375 33.901-.04L224 284.505l154.745-154.021c9.379-9.335 24.544-9.317 33.901.04l22.667 22.667c9.373 9.373 9.373 24.569 0 33.941L240.971 381.476c-9.373 9.372-24.569 9.372-33.942 0z\" fill=\"currentColor\"><\/path><\/svg><svg xmlns=\"http:\/\/www.w3.org\/2000\/svg\" viewbox=\"0 0 448 512\" width=\"1em\" height=\"1em\" ariahidden=\"true\" role=\"img\" class=\"gb-accordion__icon-open\"><path d=\"M240.971 130.524l194.343 194.343c9.373 9.373 9.373 24.569 0 33.941l-22.667 22.667c-9.357 9.357-24.522 9.375-33.901.04L224 227.495 69.255 381.516c-9.379 9.335-24.544 9.317-33.901-.04l-22.667-22.667c-9.373-9.373-9.373-24.569 0-33.941L207.03 130.525c9.372-9.373 24.568-9.373 33.941-.001z\" fill=\"currentColor\"><\/path><\/svg><\/span><\/button>\n\n\n<div class=\"gb-accordion__content\"><div class=\"gb-container gb-container-97f2fc8c\">\n\n<p>Die Anmeldung ist am Samstag zwischen 09.00 und 13.00 Uhr m\u00f6glich.<\/p>\n\n<\/div><\/div>\n<\/div>\n\n<div class=\"gb-container gb-container-1cd81a31 gb-accordion__item\" data-transition=\"slide\">\n\n<button class=\"gb-button gb-button-69427f6f gb-accordion__toggle\"><span class=\"gb-button-text\">Wer entscheidet, in welche Klasse ich eingestuft werde?<\/span><span class=\"gb-icon\"><svg xmlns=\"http:\/\/www.w3.org\/2000\/svg\" viewbox=\"0 0 448 512\" width=\"1em\" height=\"1em\" ariahidden=\"true\" role=\"img\" class=\"gb-accordion__icon\"><path d=\"M207.029 381.476L12.686 187.132c-9.373-9.373-9.373-24.569 0-33.941l22.667-22.667c9.357-9.357 24.522-9.375 33.901-.04L224 284.505l154.745-154.021c9.379-9.335 24.544-9.317 33.901.04l22.667 22.667c9.373 9.373 9.373 24.569 0 33.941L240.971 381.476c-9.373 9.372-24.569 9.372-33.942 0z\" fill=\"currentColor\"><\/path><\/svg><svg xmlns=\"http:\/\/www.w3.org\/2000\/svg\" viewbox=\"0 0 448 512\" width=\"1em\" height=\"1em\" ariahidden=\"true\" role=\"img\" class=\"gb-accordion__icon-open\"><path d=\"M240.971 130.524l194.343 194.343c9.373 9.373 9.373 24.569 0 33.941l-22.667 22.667c-9.357 9.357-24.522 9.375-33.901.04L224 227.495 69.255 381.516c-9.379 9.335-24.544 9.317-33.901-.04l-22.667-22.667c-9.373-9.373-9.373-24.569 0-33.941L207.03 130.525c9.372-9.373 24.568-9.373 33.941-.001z\" fill=\"currentColor\"><\/path><\/svg><\/span><\/button>\n\n\n<div class=\"gb-accordion__content\"><div class=\"gb-container gb-container-92699f68\">\n\n<p>Am Eingang wird Ihr Fahrrad von Marlon &amp; Co. klassifiziert.<\/p>\n\n<\/div><\/div>\n<\/div>\n\n<div class=\"gb-container gb-container-63e985fe gb-accordion__item\" data-transition=\"slide\">\n\n<button class=\"gb-button gb-button-379e314c gb-accordion__toggle\"><span class=\"gb-button-text\">Wie lange die Bilder auf der Seite angezeigt werden.<\/span><span class=\"gb-icon\"><svg xmlns=\"http:\/\/www.w3.org\/2000\/svg\" viewbox=\"0 0 448 512\" width=\"1em\" height=\"1em\" ariahidden=\"true\" role=\"img\" class=\"gb-accordion__icon\"><path d=\"M207.029 381.476L12.686 187.132c-9.373-9.373-9.373-24.569 0-33.941l22.667-22.667c9.357-9.357 24.522-9.375 33.901-.04L224 284.505l154.745-154.021c9.379-9.335 24.544-9.317 33.901.04l22.667 22.667c9.373 9.373 9.373 24.569 0 33.941L240.971 381.476c-9.373 9.372-24.569 9.372-33.942 0z\" fill=\"currentColor\"><\/path><\/svg><svg xmlns=\"http:\/\/www.w3.org\/2000\/svg\" viewbox=\"0 0 448 512\" width=\"1em\" height=\"1em\" ariahidden=\"true\" role=\"img\" class=\"gb-accordion__icon-open\"><path d=\"M240.971 130.524l194.343 194.343c9.373 9.373 9.373 24.569 0 33.941l-22.667 22.667c-9.357 9.357-24.522 9.375-33.901.04L224 227.495 69.255 381.516c-9.379 9.335-24.544 9.317-33.901-.04l-22.667-22.667c-9.373-9.373-9.373-24.569 0-33.941L207.03 130.525c9.372-9.373 24.568-9.373 33.941-.001z\" fill=\"currentColor\"><\/path><\/svg><\/span><\/button>\n\n\n<div class=\"gb-accordion__content\"><div class=\"gb-container gb-container-ce72ff64\">\n\n<p>Die Bilder werden f\u00fcr den Rest des Jahres auf dieser Seite und auf&nbsp;<a href=\"https:\/\/www.custombikeshow.se\/\">https:\/\/www.custombikeshow.se\/<\/a>&nbsp;danach, ohne Enddatum.<\/p>\n\n<\/div><\/div>\n<\/div>\n\n<div class=\"gb-container gb-container-9f6f72a5 gb-accordion__item\" data-transition=\"slide\">\n\n<button class=\"gb-button gb-button-cc4698ff gb-accordion__toggle\"><span class=\"gb-button-text\">Gibt es dieses Jahr irgendwelche Wettbewerbe f\u00fcr den AMD World Cup?<\/span><span class=\"gb-icon\"><svg xmlns=\"http:\/\/www.w3.org\/2000\/svg\" viewbox=\"0 0 448 512\" width=\"1em\" height=\"1em\" ariahidden=\"true\" role=\"img\" class=\"gb-accordion__icon\"><path d=\"M207.029 381.476L12.686 187.132c-9.373-9.373-9.373-24.569 0-33.941l22.667-22.667c9.357-9.357 24.522-9.375 33.901-.04L224 284.505l154.745-154.021c9.379-9.335 24.544-9.317 33.901.04l22.667 22.667c9.373 9.373 9.373 24.569 0 33.941L240.971 381.476c-9.373 9.372-24.569 9.372-33.942 0z\" fill=\"currentColor\"><\/path><\/svg><svg xmlns=\"http:\/\/www.w3.org\/2000\/svg\" viewbox=\"0 0 448 512\" width=\"1em\" height=\"1em\" ariahidden=\"true\" role=\"img\" class=\"gb-accordion__icon-open\"><path d=\"M240.971 130.524l194.343 194.343c9.373 9.373 9.373 24.569 0 33.941l-22.667 22.667c-9.357 9.357-24.522 9.375-33.901.04L224 227.495 69.255 381.516c-9.379 9.335-24.544 9.317-33.901-.04l-22.667-22.667c-9.373-9.373-9.373-24.569 0-33.941L207.03 130.525c9.372-9.373 24.568-9.373 33.941-.001z\" fill=\"currentColor\"><\/path><\/svg><\/span><\/button>\n\n\n<div class=\"gb-accordion__content\"><div class=\"gb-container gb-container-8c0a2c31\">\n\n<p>In diesem Jahr wurde der Auswahlwettbewerb der Custom Bike Show f\u00fcr die Weltmeisterschaften durch \"Twin Clubs Choice\" ersetzt.<br>Es werden 3 Gewinner ausgew\u00e4hlt.<br><br>Aufgrund der in verschiedenen L\u00e4ndern geltenden Covid-19-Beschr\u00e4nkungen hat die AMD beschlossen, mit der Organisation einer Weltmeisterschaft noch eine Weile zu warten.<\/p>\n\n<\/div><\/div>\n<\/div>\n\n<div class=\"gb-container gb-container-6bfdcf22 gb-accordion__item\" data-transition=\"slide\">\n\n<button class=\"gb-button gb-button-2086f922 gb-accordion__toggle\"><span class=\"gb-button-text\">Was k\u00f6nnen Sie gewinnen?<\/span><span class=\"gb-icon\"><svg xmlns=\"http:\/\/www.w3.org\/2000\/svg\" viewbox=\"0 0 448 512\" width=\"1em\" height=\"1em\" ariahidden=\"true\" role=\"img\" class=\"gb-accordion__icon\"><path d=\"M207.029 381.476L12.686 187.132c-9.373-9.373-9.373-24.569 0-33.941l22.667-22.667c9.357-9.357 24.522-9.375 33.901-.04L224 284.505l154.745-154.021c9.379-9.335 24.544-9.317 33.901.04l22.667 22.667c9.373 9.373 9.373 24.569 0 33.941L240.971 381.476c-9.373 9.372-24.569 9.372-33.942 0z\" fill=\"currentColor\"><\/path><\/svg><svg xmlns=\"http:\/\/www.w3.org\/2000\/svg\" viewbox=\"0 0 448 512\" width=\"1em\" height=\"1em\" ariahidden=\"true\" role=\"img\" class=\"gb-accordion__icon-open\"><path d=\"M240.971 130.524l194.343 194.343c9.373 9.373 9.373 24.569 0 33.941l-22.667 22.667c-9.357 9.357-24.522 9.375-33.901.04L224 227.495 69.255 381.516c-9.379 9.335-24.544 9.317-33.901-.04l-22.667-22.667c-9.373-9.373-9.373-24.569 0-33.941L207.03 130.525c9.372-9.373 24.568-9.373 33.941-.001z\" fill=\"currentColor\"><\/path><\/svg><\/span><\/button>\n\n\n<div class=\"gb-accordion__content\"><div class=\"gb-container gb-container-19e50166\">\n\n<p>Die Gewinner in jeder Klasse erhalten eine klassische Zinntroph\u00e4e und teilen sich au\u00dferdem einen Preistisch im Wert von etwa 400 000 SEK sowie eine Urkunde.<\/p>\n\n<\/div><\/div>\n<\/div>\n\n<div class=\"gb-container gb-container-ebf8aa47 gb-accordion__item\" data-transition=\"slide\">\n\n<button class=\"gb-button gb-button-cbddddaa gb-accordion__toggle\"><span class=\"gb-button-text\">Was kostet es, auszustellen?<\/span><span class=\"gb-icon\"><svg xmlns=\"http:\/\/www.w3.org\/2000\/svg\" viewbox=\"0 0 448 512\" width=\"1em\" height=\"1em\" ariahidden=\"true\" role=\"img\" class=\"gb-accordion__icon\"><path d=\"M207.029 381.476L12.686 187.132c-9.373-9.373-9.373-24.569 0-33.941l22.667-22.667c9.357-9.357 24.522-9.375 33.901-.04L224 284.505l154.745-154.021c9.379-9.335 24.544-9.317 33.901.04l22.667 22.667c9.373 9.373 9.373 24.569 0 33.941L240.971 381.476c-9.373 9.372-24.569 9.372-33.942 0z\" fill=\"currentColor\"><\/path><\/svg><svg xmlns=\"http:\/\/www.w3.org\/2000\/svg\" viewbox=\"0 0 448 512\" width=\"1em\" height=\"1em\" ariahidden=\"true\" role=\"img\" class=\"gb-accordion__icon-open\"><path d=\"M240.971 130.524l194.343 194.343c9.373 9.373 9.373 24.569 0 33.941l-22.667 22.667c-9.357 9.357-24.522 9.375-33.901.04L224 227.495 69.255 381.516c-9.379 9.335-24.544 9.317-33.901-.04l-22.667-22.667c-9.373-9.373-9.373-24.569 0-33.941L207.03 130.525c9.372-9.373 24.568-9.373 33.941-.001z\" fill=\"currentColor\"><\/path><\/svg><\/span><\/button>\n\n\n<div class=\"gb-accordion__content\"><div class=\"gb-container gb-container-c4f3648d\">\n\n<p>Die Teilnahme an der Ausstellung ist kostenlos. Allerdings zahlen Sie Eintritt wie jeder andere auch.<\/p>\n\n<\/div><\/div>\n<\/div>\n\n<div class=\"gb-container gb-container-6b7ed827 gb-accordion__item\" data-transition=\"slide\">\n\n<button class=\"gb-button gb-button-2c205cda gb-accordion__toggle\"><span class=\"gb-button-text\">Wie kann ich w\u00e4hlen?<\/span><span class=\"gb-icon\"><svg xmlns=\"http:\/\/www.w3.org\/2000\/svg\" viewbox=\"0 0 448 512\" width=\"1em\" height=\"1em\" ariahidden=\"true\" role=\"img\" class=\"gb-accordion__icon\"><path d=\"M207.029 381.476L12.686 187.132c-9.373-9.373-9.373-24.569 0-33.941l22.667-22.667c9.357-9.357 24.522-9.375 33.901-.04L224 284.505l154.745-154.021c9.379-9.335 24.544-9.317 33.901.04l22.667 22.667c9.373 9.373 9.373 24.569 0 33.941L240.971 381.476c-9.373 9.372-24.569 9.372-33.942 0z\" fill=\"currentColor\"><\/path><\/svg><svg xmlns=\"http:\/\/www.w3.org\/2000\/svg\" viewbox=\"0 0 448 512\" width=\"1em\" height=\"1em\" ariahidden=\"true\" role=\"img\" class=\"gb-accordion__icon-open\"><path d=\"M240.971 130.524l194.343 194.343c9.373 9.373 9.373 24.569 0 33.941l-22.667 22.667c-9.357 9.357-24.522 9.375-33.901.04L224 227.495 69.255 381.516c-9.379 9.335-24.544 9.317-33.901-.04l-22.667-22.667c-9.373-9.373-9.373-24.569 0-33.941L207.03 130.525c9.372-9.373 24.568-9.373 33.941-.001z\" fill=\"currentColor\"><\/path><\/svg><\/span><\/button>\n\n\n<div class=\"gb-accordion__content\"><div class=\"gb-container gb-container-72edde25\">\n\n<p>F\u00fcllen Sie als Besucher den Stimmzettel im Programmheft mit Ihrem Namen, Ihren Kontaktdaten und der Nummer Ihres Lieblingsmotorrads aus. Schneiden Sie ihn aus und werfen Sie ihn in eine der gelben Wahlurnen, die auf dem Gel\u00e4nde aufgestellt sind.<\/p>\n\n\n\n<p>Als Aussteller k\u00f6nnen Sie f\u00fcr Ihr Lieblingsmotorrad in jeder Klasse stimmen. Sie erhalten Ihren Stimmzettel bei der Anmeldung. F\u00fcllen Sie ihn aus und werfen Sie ihn in eine der gelben Wahlurnen, die \u00fcberall im Park aufgestellt sind.<\/p>\n\n<\/div><\/div>\n<\/div>\n\n<div class=\"gb-container gb-container-1a779d75 gb-accordion__item\" data-transition=\"slide\">\n\n<button class=\"gb-button gb-button-6a88b22d gb-accordion__toggle\"><span class=\"gb-button-text\">Woher wei\u00df ich, wer gewinnen wird?<\/span><span class=\"gb-icon\"><svg xmlns=\"http:\/\/www.w3.org\/2000\/svg\" viewbox=\"0 0 448 512\" width=\"1em\" height=\"1em\" ariahidden=\"true\" role=\"img\" class=\"gb-accordion__icon\"><path d=\"M207.029 381.476L12.686 187.132c-9.373-9.373-9.373-24.569 0-33.941l22.667-22.667c9.357-9.357 24.522-9.375 33.901-.04L224 284.505l154.745-154.021c9.379-9.335 24.544-9.317 33.901.04l22.667 22.667c9.373 9.373 9.373 24.569 0 33.941L240.971 381.476c-9.373 9.372-24.569 9.372-33.942 0z\" fill=\"currentColor\"><\/path><\/svg><svg xmlns=\"http:\/\/www.w3.org\/2000\/svg\" viewbox=\"0 0 448 512\" width=\"1em\" height=\"1em\" ariahidden=\"true\" role=\"img\" class=\"gb-accordion__icon-open\"><path d=\"M240.971 130.524l194.343 194.343c9.373 9.373 9.373 24.569 0 33.941l-22.667 22.667c-9.357 9.357-24.522 9.375-33.901.04L224 227.495 69.255 381.516c-9.379 9.335-24.544 9.317-33.901-.04l-22.667-22.667c-9.373-9.373-9.373-24.569 0-33.941L207.03 130.525c9.372-9.373 24.568-9.373 33.941-.001z\" fill=\"currentColor\"><\/path><\/svg><\/span><\/button>\n\n\n<div class=\"gb-accordion__content\"><div class=\"gb-container gb-container-102c1753\">\n\n<p>Die Gewinner werden bei der Preisverleihung im Park bekannt gegeben und hier und auf&nbsp;<a href=\"https:\/\/www.custombikeshow.se\/\">https:\/\/www.custombikeshow.se\/<\/a>&nbsp;nach Beendigung der Ausstellung in der \u00fcblichen Weise.<\/p>\n\n<\/div><\/div>\n<\/div>\n\n<div class=\"gb-container gb-container-81e4b215 gb-accordion__item\" data-transition=\"slide\">\n\n<button class=\"gb-button gb-button-9352e6b5 gb-accordion__toggle\"><span class=\"gb-button-text\">Veranstalten Sie abends vor und nach der Ausstellung Partys?<\/span><span class=\"gb-icon\"><svg xmlns=\"http:\/\/www.w3.org\/2000\/svg\" viewbox=\"0 0 448 512\" width=\"1em\" height=\"1em\" ariahidden=\"true\" role=\"img\" class=\"gb-accordion__icon\"><path d=\"M207.029 381.476L12.686 187.132c-9.373-9.373-9.373-24.569 0-33.941l22.667-22.667c9.357-9.357 24.522-9.375 33.901-.04L224 284.505l154.745-154.021c9.379-9.335 24.544-9.317 33.901.04l22.667 22.667c9.373 9.373 9.373 24.569 0 33.941L240.971 381.476c-9.373 9.372-24.569 9.372-33.942 0z\" fill=\"currentColor\"><\/path><\/svg><svg xmlns=\"http:\/\/www.w3.org\/2000\/svg\" viewbox=\"0 0 448 512\" width=\"1em\" height=\"1em\" ariahidden=\"true\" role=\"img\" class=\"gb-accordion__icon-open\"><path d=\"M240.971 130.524l194.343 194.343c9.373 9.373 9.373 24.569 0 33.941l-22.667 22.667c-9.357 9.357-24.522 9.375-33.901.04L224 227.495 69.255 381.516c-9.379 9.335-24.544 9.317-33.901-.04l-22.667-22.667c-9.373-9.373-9.373-24.569 0-33.941L207.03 130.525c9.372-9.373 24.568-9.373 33.941-.001z\" fill=\"currentColor\"><\/path><\/svg><\/span><\/button>\n\n\n<div class=\"gb-accordion__content\"><div class=\"gb-container gb-container-d7cbcc3d\">\n\n<p>Ja, es gibt sowohl am Freitag als auch am Samstag eine Party!<\/p>\n\n<\/div><\/div>\n<\/div>\n<\/div>\n<\/div>\n<\/div>","protected":false},"excerpt":{"rendered":"<p>FAQ Vad \u00e4r detta? DETTA \u00c4R DEN DIGITALA DELEN AV CUSTOM BIKE SHOW.L\u00f6rdag den 1 juni \u00e4r det Custom Bike Show, i Societetsparken i Norrt\u00e4lje med massor av h\u00e4ftiga motorcyklar och tusentals bes\u00f6kare. H\u00e4r kan ni f\u00f6lja dagen virtuellt via bilder p\u00e5 utst\u00e4llda motorcyklar, kolla vilka som st\u00f6der oss dvs. Annons\u00f6rer och r\u00f6sta p\u00e5 din &#8230; <a title=\"FAQ\" class=\"read-more\" href=\"https:\/\/2024.custombikeshow.se\/de\/faq\/\" aria-label=\"Mehr Informationen \u00fcber FAQ\">Weiterlesen &#8230;<\/a><\/p>","protected":false},"author":1,"featured_media":0,"parent":0,"menu_order":0,"comment_status":"closed","ping_status":"closed","template":"","meta":{"_gspb_post_css":"","iawp_total_views":394,"footnotes":""},"class_list":["post-41","page","type-page","status-publish"],"_links":{"self":[{"href":"https:\/\/2024.custombikeshow.se\/de\/wp-json\/wp\/v2\/pages\/41","targetHints":{"allow":["GET"]}}],"collection":[{"href":"https:\/\/2024.custombikeshow.se\/de\/wp-json\/wp\/v2\/pages"}],"about":[{"href":"https:\/\/2024.custombikeshow.se\/de\/wp-json\/wp\/v2\/types\/page"}],"author":[{"embeddable":true,"href":"https:\/\/2024.custombikeshow.se\/de\/wp-json\/wp\/v2\/users\/1"}],"replies":[{"embeddable":true,"href":"https:\/\/2024.custombikeshow.se\/de\/wp-json\/wp\/v2\/comments?post=41"}],"version-history":[{"count":46,"href":"https:\/\/2024.custombikeshow.se\/de\/wp-json\/wp\/v2\/pages\/41\/revisions"}],"predecessor-version":[{"id":4064,"href":"https:\/\/2024.custombikeshow.se\/de\/wp-json\/wp\/v2\/pages\/41\/revisions\/4064"}],"wp:attachment":[{"href":"https:\/\/2024.custombikeshow.se\/de\/wp-json\/wp\/v2\/media?parent=41"}],"curies":[{"name":"wp","href":"https:\/\/api.w.org\/{rel}","templated":true}]}}