{"id":1917,"date":"2023-05-26T14:28:59","date_gmt":"2023-05-26T12:28:59","guid":{"rendered":"https:\/\/2024.custombikeshow.se\/?page_id=1917"},"modified":"2024-05-30T17:12:16","modified_gmt":"2024-05-30T15:12:16","slug":"tipsrunda","status":"publish","type":"page","link":"https:\/\/2024.custombikeshow.se\/en\/tipsrunda\/","title":{"rendered":"Quiz walk"},"content":{"rendered":"<div class=\"gb-container gb-container-0c88641d alignfull\">\n<div class=\"gb-container gb-container-7428f464\">\n\n<h2 class=\"gb-headline gb-headline-43b82b5c gb-headline-text\">Quiz walk<\/h2>\n\n\n\n<p>Welcome to the Custom Bike Show tip round!<\/p>\n\n\n\n<p>There is a version for ADULTS and one for CHILDREN.<\/p>\n\n\n\n<p>The questions can be found on 10 signs around the park. You can write the answers here.<\/p>\n\n\n\n<p>Winners presented on stage during the award ceremony<\/p>\n\n\n<div class=\"gb-container gb-container-527779fb\">\n\n<a class=\"gb-button gb-button-e06e7750 gb-button-text\" href=\"https:\/\/2024.custombikeshow.se\/en\/tipspromenad-barn\/\">Tip walk CHILDREN<\/a>\n\n\n\n<a class=\"gb-button gb-button-5e4927ab gb-button-text\" href=\"https:\/\/2024.custombikeshow.se\/en\/tipspromenad-vuxna\/\">Tip Walk ADULTS<\/a>\n\n<\/div>\n<\/div>\n<\/div>","protected":false},"excerpt":{"rendered":"<p>Tipsrunda V\u00e4lkommen till Custom Bike Shows&nbsp;tipsrunda! Det finns en version f\u00f6r VUXNA och en f\u00f6r BARN. Fr\u00e5gorna hittar ni p\u00e5 10 skyltar runt om i parken. Svaren skriver ni h\u00e4r. Vinnare presenteras p\u00e5 scen under prisutdelningen<\/p>","protected":false},"author":1,"featured_media":0,"parent":0,"menu_order":0,"comment_status":"closed","ping_status":"closed","template":"","meta":{"_gspb_post_css":"","iawp_total_views":209,"footnotes":""},"class_list":["post-1917","page","type-page","status-publish"],"_links":{"self":[{"href":"https:\/\/2024.custombikeshow.se\/en\/wp-json\/wp\/v2\/pages\/1917","targetHints":{"allow":["GET"]}}],"collection":[{"href":"https:\/\/2024.custombikeshow.se\/en\/wp-json\/wp\/v2\/pages"}],"about":[{"href":"https:\/\/2024.custombikeshow.se\/en\/wp-json\/wp\/v2\/types\/page"}],"author":[{"embeddable":true,"href":"https:\/\/2024.custombikeshow.se\/en\/wp-json\/wp\/v2\/users\/1"}],"replies":[{"embeddable":true,"href":"https:\/\/2024.custombikeshow.se\/en\/wp-json\/wp\/v2\/comments?post=1917"}],"version-history":[{"count":18,"href":"https:\/\/2024.custombikeshow.se\/en\/wp-json\/wp\/v2\/pages\/1917\/revisions"}],"predecessor-version":[{"id":4069,"href":"https:\/\/2024.custombikeshow.se\/en\/wp-json\/wp\/v2\/pages\/1917\/revisions\/4069"}],"wp:attachment":[{"href":"https:\/\/2024.custombikeshow.se\/en\/wp-json\/wp\/v2\/media?parent=1917"}],"curies":[{"name":"wp","href":"https:\/\/api.w.org\/{rel}","templated":true}]}}