{"id":2640,"date":"2023-06-03T09:59:49","date_gmt":"2023-06-03T07:59:49","guid":{"rendered":"https:\/\/2024.custombikeshow.se\/?page_id=2640"},"modified":"2024-06-01T12:18:32","modified_gmt":"2024-06-01T10:18:32","slug":"publikbilder","status":"publish","type":"page","link":"https:\/\/2024.custombikeshow.se\/fi\/publikbilder\/","title":{"rendered":"Yleis\u00f6n kuvat"},"content":{"rendered":"<div class=\"gb-container gb-container-6ea16341\"><div class=\"gb-inside-container\">\n\n<h1 class=\"gb-headline gb-headline-f7e4c532 gb-headline-text\">Yleis\u00f6n kuvat<\/h1>\n\n\n\n<a class=\"gb-button gb-button-9ee3755e gb-button-text\" href=\"https:\/\/2024.custombikeshow.se\/fi\/lagg-till-publikbilder\/\">Lis\u00e4\u00e4 omia kuvia<\/a>\n\n\n\n<p>Yleis\u00f6 voi l\u00e4hett\u00e4\u00e4 kuvia t\u00e4\u00e4ll\u00e4. Kaikki oikeudet pid\u00e4tet\u00e4\u00e4n Twin Clubille. <br>Voit lis\u00e4t\u00e4 niin monta kuvaa kuin haluat, mutta vain yhden kerrallaan.<\/p>\n\n\n<div class=\"gb-container gb-container-9f6ca837\">\n\t\t\t\t\t\t\t\t\t\t\t\t\t\t\t\t\t<div id=\"gspb_filterid_gsbp-ae592e5\" class=\"gspbgrid_id-gsbp-ae592e5 gspbgrid_list_builder wp-block-query alignwide gspb_filterid_gsbp-ae592e5  gspb_aj_pag_auto_wrap wp-block-greenshift-blocks-querygrid\" data-filterargs='{\"post_type\":\"post\",\"posts_per_page\":12,\"order\":\"desc\",\"post_status\":\"publish\",\"cat\":\"26\",\"orderby\":\"date\",\"gs_query\":true}' data-template=\"querybuilder\" data-innerargs='' data-perpage='12' data-paginationtype=\"\">\n\t\t\t\t\t\t\t\t\t\t\n\t\t\t\t\t<ul class=\"wp-block-post-template\" data-currentpage=\"1\" data-maxpage=\"5\" data-paginationid=\"currentpage-gspb_filterid_gsbp-ae592e5\">\n\t\t\t\t\t\t                            \t\t\t\t\t\t\t\n<li class=\"gspbgrid_item swiper-slide  post-5149\">\n    <a class=\"gspbgrid_item_link\" title=\"Lasse Larsdon\" href=\"https:\/\/2024.custombikeshow.se\/fi\/lasse-larsdon\/\"><\/a>                            <div class=\"gspbgrid_item_image_bg gspbgrid_item_image_bg_gsbp-ae592e5\">\n                <div class=\"gspb_backgroundOverlay\"><\/div>\n                <img loading=\"lazy\" decoding=\"async\" width=\"300\" height=\"135\" src=\"https:\/\/2024.custombikeshow.se\/wp-content\/uploads\/2024\/06\/20240601_105734-300x135.jpg\" class=\"attachment-medium size-medium wp-post-image\" alt=\"\" srcset=\"https:\/\/2024.custombikeshow.se\/wp-content\/uploads\/2024\/06\/20240601_105734-300x135.jpg 300w, https:\/\/2024.custombikeshow.se\/wp-content\/uploads\/2024\/06\/20240601_105734-1024x461.jpg 1024w, https:\/\/2024.custombikeshow.se\/wp-content\/uploads\/2024\/06\/20240601_105734-768x346.jpg 768w, https:\/\/2024.custombikeshow.se\/wp-content\/uploads\/2024\/06\/20240601_105734-1536x691.jpg 1536w, https:\/\/2024.custombikeshow.se\/wp-content\/uploads\/2024\/06\/20240601_105734-2048x922.jpg 2048w, https:\/\/2024.custombikeshow.se\/wp-content\/uploads\/2024\/06\/20240601_105734-18x8.jpg 18w\" sizes=\"auto, (max-width: 300px) 100vw, 300px\" \/>            <\/div>\n                        <div class=\"gspbgrid_item_inner\">\n            \n<div class=\"gb-container gb-container-1d113184\"><\/div>\n                <\/div>\n        <\/li>\t\t\t\t\t\t\t\t\t\t\t\t\t                            \t\t\t\t\t\t\t\n<li class=\"gspbgrid_item swiper-slide  post-5144\">\n    <a class=\"gspbgrid_item_link\" title=\"Egon\" href=\"https:\/\/2024.custombikeshow.se\/fi\/egon-2\/\"><\/a>                            <div class=\"gspbgrid_item_image_bg gspbgrid_item_image_bg_gsbp-ae592e5\">\n                <div class=\"gspb_backgroundOverlay\"><\/div>\n                <img loading=\"lazy\" decoding=\"async\" width=\"300\" height=\"205\" src=\"https:\/\/2024.custombikeshow.se\/wp-content\/uploads\/2024\/06\/11-300x205.jpg\" class=\"attachment-medium size-medium wp-post-image\" alt=\"\" srcset=\"https:\/\/2024.custombikeshow.se\/wp-content\/uploads\/2024\/06\/11-300x205.jpg 300w, https:\/\/2024.custombikeshow.se\/wp-content\/uploads\/2024\/06\/11-1024x700.jpg 1024w, https:\/\/2024.custombikeshow.se\/wp-content\/uploads\/2024\/06\/11-768x525.jpg 768w, https:\/\/2024.custombikeshow.se\/wp-content\/uploads\/2024\/06\/11-1536x1050.jpg 1536w, https:\/\/2024.custombikeshow.se\/wp-content\/uploads\/2024\/06\/11-scaled.jpg 1755w, https:\/\/2024.custombikeshow.se\/wp-content\/uploads\/2024\/06\/11-18x12.jpg 18w\" sizes=\"auto, (max-width: 300px) 100vw, 300px\" \/>            <\/div>\n                        <div class=\"gspbgrid_item_inner\">\n            \n<div class=\"gb-container gb-container-1d113184\"><\/div>\n                <\/div>\n        <\/li>\t\t\t\t\t\t\t\t\t\t\t\t\t                            \t\t\t\t\t\t\t\n<li class=\"gspbgrid_item swiper-slide  post-5141\">\n    <a class=\"gspbgrid_item_link\" title=\"Egon\" href=\"https:\/\/2024.custombikeshow.se\/fi\/egon\/\"><\/a>                            <div class=\"gspbgrid_item_image_bg gspbgrid_item_image_bg_gsbp-ae592e5\">\n                <div class=\"gspb_backgroundOverlay\"><\/div>\n                <img loading=\"lazy\" decoding=\"async\" width=\"300\" height=\"221\" src=\"https:\/\/2024.custombikeshow.se\/wp-content\/uploads\/2024\/06\/19-1-300x221.jpg\" class=\"attachment-medium size-medium wp-post-image\" alt=\"\" srcset=\"https:\/\/2024.custombikeshow.se\/wp-content\/uploads\/2024\/06\/19-1-300x221.jpg 300w, https:\/\/2024.custombikeshow.se\/wp-content\/uploads\/2024\/06\/19-1-1024x753.jpg 1024w, https:\/\/2024.custombikeshow.se\/wp-content\/uploads\/2024\/06\/19-1-768x565.jpg 768w, https:\/\/2024.custombikeshow.se\/wp-content\/uploads\/2024\/06\/19-1-1536x1130.jpg 1536w, https:\/\/2024.custombikeshow.se\/wp-content\/uploads\/2024\/06\/19-1-2048x1506.jpg 1632w, https:\/\/2024.custombikeshow.se\/wp-content\/uploads\/2024\/06\/19-1-16x12.jpg 16w, https:\/\/2024.custombikeshow.se\/wp-content\/uploads\/2024\/06\/19-1-scaled.jpg 1631w\" sizes=\"auto, (max-width: 300px) 100vw, 300px\" \/>            <\/div>\n                        <div class=\"gspbgrid_item_inner\">\n            \n<div class=\"gb-container gb-container-1d113184\"><\/div>\n                <\/div>\n        <\/li>\t\t\t\t\t\t\t\t\t\t\t\t\t                            \t\t\t\t\t\t\t\n<li class=\"gspbgrid_item swiper-slide  post-5138\">\n    <a class=\"gspbgrid_item_link\" title=\"Anders Nordin\" href=\"https:\/\/2024.custombikeshow.se\/fi\/anders-nordin\/\"><\/a>                            <div class=\"gspbgrid_item_image_bg gspbgrid_item_image_bg_gsbp-ae592e5\">\n                <div class=\"gspb_backgroundOverlay\"><\/div>\n                <img loading=\"lazy\" decoding=\"async\" width=\"225\" height=\"300\" src=\"https:\/\/2024.custombikeshow.se\/wp-content\/uploads\/2024\/06\/7C416958-12C3-4068-98C2-196D0CC1CA5E-225x300.jpeg\" class=\"attachment-medium size-medium wp-post-image\" alt=\"\" srcset=\"https:\/\/2024.custombikeshow.se\/wp-content\/uploads\/2024\/06\/7C416958-12C3-4068-98C2-196D0CC1CA5E-225x300.jpeg 225w, https:\/\/2024.custombikeshow.se\/wp-content\/uploads\/2024\/06\/7C416958-12C3-4068-98C2-196D0CC1CA5E-768x1024.jpeg 768w, https:\/\/2024.custombikeshow.se\/wp-content\/uploads\/2024\/06\/7C416958-12C3-4068-98C2-196D0CC1CA5E-1152x1536.jpeg 1152w, https:\/\/2024.custombikeshow.se\/wp-content\/uploads\/2024\/06\/7C416958-12C3-4068-98C2-196D0CC1CA5E-scaled.jpeg 1200w, https:\/\/2024.custombikeshow.se\/wp-content\/uploads\/2024\/06\/7C416958-12C3-4068-98C2-196D0CC1CA5E-9x12.jpeg 9w\" sizes=\"auto, (max-width: 225px) 100vw, 225px\" \/>            <\/div>\n                        <div class=\"gspbgrid_item_inner\">\n            \n<div class=\"gb-container gb-container-1d113184\"><\/div>\n                <\/div>\n        <\/li>\t\t\t\t\t\t\t\t\t\t\t\t\t                            \t\t\t\t\t\t\t\n<li class=\"gspbgrid_item swiper-slide  post-5129\">\n    <a class=\"gspbgrid_item_link\" title=\"Untitled_23\" href=\"https:\/\/2024.custombikeshow.se\/fi\/untitled_23\/\"><\/a>                            <div class=\"gspbgrid_item_image_bg gspbgrid_item_image_bg_gsbp-ae592e5\">\n                <div class=\"gspb_backgroundOverlay\"><\/div>\n                <img loading=\"lazy\" decoding=\"async\" width=\"300\" height=\"225\" src=\"https:\/\/2024.custombikeshow.se\/wp-content\/uploads\/2024\/06\/17172681832462071616433059880044-300x225.jpg\" class=\"attachment-medium size-medium wp-post-image\" alt=\"\" srcset=\"https:\/\/2024.custombikeshow.se\/wp-content\/uploads\/2024\/06\/17172681832462071616433059880044-300x225.jpg 300w, https:\/\/2024.custombikeshow.se\/wp-content\/uploads\/2024\/06\/17172681832462071616433059880044-1024x768.jpg 1024w, https:\/\/2024.custombikeshow.se\/wp-content\/uploads\/2024\/06\/17172681832462071616433059880044-768x576.jpg 768w, https:\/\/2024.custombikeshow.se\/wp-content\/uploads\/2024\/06\/17172681832462071616433059880044-1536x1152.jpg 1536w, https:\/\/2024.custombikeshow.se\/wp-content\/uploads\/2024\/06\/17172681832462071616433059880044-scaled.jpg 1600w, https:\/\/2024.custombikeshow.se\/wp-content\/uploads\/2024\/06\/17172681832462071616433059880044-16x12.jpg 16w\" sizes=\"auto, (max-width: 300px) 100vw, 300px\" \/>            <\/div>\n                        <div class=\"gspbgrid_item_inner\">\n            \n<div class=\"gb-container gb-container-1d113184\"><\/div>\n                <\/div>\n        <\/li>\t\t\t\t\t\t\t\t\t\t\t\t\t                            \t\t\t\t\t\t\t\n<li class=\"gspbgrid_item swiper-slide  post-5126\">\n    <a class=\"gspbgrid_item_link\" title=\"Stefan Alv\u00e5\" href=\"https:\/\/2024.custombikeshow.se\/fi\/stefan-alva\/\"><\/a>                            <div class=\"gspbgrid_item_image_bg gspbgrid_item_image_bg_gsbp-ae592e5\">\n                <div class=\"gspb_backgroundOverlay\"><\/div>\n                <img loading=\"lazy\" decoding=\"async\" width=\"300\" height=\"225\" src=\"https:\/\/2024.custombikeshow.se\/wp-content\/uploads\/2024\/06\/20240601_094618-300x225.jpg\" class=\"attachment-medium size-medium wp-post-image\" alt=\"\" srcset=\"https:\/\/2024.custombikeshow.se\/wp-content\/uploads\/2024\/06\/20240601_094618-300x225.jpg 300w, https:\/\/2024.custombikeshow.se\/wp-content\/uploads\/2024\/06\/20240601_094618-1024x768.jpg 1024w, https:\/\/2024.custombikeshow.se\/wp-content\/uploads\/2024\/06\/20240601_094618-768x576.jpg 768w, https:\/\/2024.custombikeshow.se\/wp-content\/uploads\/2024\/06\/20240601_094618-1536x1152.jpg 1536w, https:\/\/2024.custombikeshow.se\/wp-content\/uploads\/2024\/06\/20240601_094618-scaled.jpg 1600w, https:\/\/2024.custombikeshow.se\/wp-content\/uploads\/2024\/06\/20240601_094618-16x12.jpg 16w\" sizes=\"auto, (max-width: 300px) 100vw, 300px\" \/>            <\/div>\n                        <div class=\"gspbgrid_item_inner\">\n            \n<div class=\"gb-container gb-container-1d113184\"><\/div>\n                <\/div>\n        <\/li>\t\t\t\t\t\t\t\t\t\t\t\t\t                            \t\t\t\t\t\t\t\n<li class=\"gspbgrid_item swiper-slide  post-5049\">\n    <a class=\"gspbgrid_item_link\" title=\"Tommy Gustavsson\" href=\"https:\/\/2024.custombikeshow.se\/fi\/tommy-gustavsson\/\"><\/a>                            <div class=\"gspbgrid_item_image_bg gspbgrid_item_image_bg_gsbp-ae592e5\">\n                <div class=\"gspb_backgroundOverlay\"><\/div>\n                <img loading=\"lazy\" decoding=\"async\" width=\"225\" height=\"300\" src=\"https:\/\/2024.custombikeshow.se\/wp-content\/uploads\/2024\/06\/Messenger_creation_aa958271-842d-4b24-ab6e-4835a8a051ad-225x300.jpeg\" class=\"attachment-medium size-medium wp-post-image\" alt=\"\" srcset=\"https:\/\/2024.custombikeshow.se\/wp-content\/uploads\/2024\/06\/Messenger_creation_aa958271-842d-4b24-ab6e-4835a8a051ad-225x300.jpeg 225w, https:\/\/2024.custombikeshow.se\/wp-content\/uploads\/2024\/06\/Messenger_creation_aa958271-842d-4b24-ab6e-4835a8a051ad-768x1024.jpeg 768w, https:\/\/2024.custombikeshow.se\/wp-content\/uploads\/2024\/06\/Messenger_creation_aa958271-842d-4b24-ab6e-4835a8a051ad-1152x1536.jpeg 1152w, https:\/\/2024.custombikeshow.se\/wp-content\/uploads\/2024\/06\/Messenger_creation_aa958271-842d-4b24-ab6e-4835a8a051ad-9x12.jpeg 9w, https:\/\/2024.custombikeshow.se\/wp-content\/uploads\/2024\/06\/Messenger_creation_aa958271-842d-4b24-ab6e-4835a8a051ad.jpeg 1200w\" sizes=\"auto, (max-width: 225px) 100vw, 225px\" \/>            <\/div>\n                        <div class=\"gspbgrid_item_inner\">\n            \n<div class=\"gb-container gb-container-1d113184\"><\/div>\n                <\/div>\n        <\/li>\t\t\t\t\t\t\t\t\t\t\t\t\t                            \t\t\t\t\t\t\t\n<li class=\"gspbgrid_item swiper-slide  post-5007\">\n    <a class=\"gspbgrid_item_link\" title=\"29\" href=\"https:\/\/2024.custombikeshow.se\/fi\/29-2\/\"><\/a>                            <div class=\"gspbgrid_item_image_bg gspbgrid_item_image_bg_gsbp-ae592e5\">\n                <div class=\"gspb_backgroundOverlay\"><\/div>\n                <img loading=\"lazy\" decoding=\"async\" width=\"300\" height=\"225\" src=\"https:\/\/2024.custombikeshow.se\/wp-content\/uploads\/2024\/06\/IMG_3120-300x225.jpeg\" class=\"attachment-medium size-medium wp-post-image\" alt=\"\" srcset=\"https:\/\/2024.custombikeshow.se\/wp-content\/uploads\/2024\/06\/IMG_3120-300x225.jpeg 300w, https:\/\/2024.custombikeshow.se\/wp-content\/uploads\/2024\/06\/IMG_3120-1024x768.jpeg 1024w, https:\/\/2024.custombikeshow.se\/wp-content\/uploads\/2024\/06\/IMG_3120-768x576.jpeg 768w, https:\/\/2024.custombikeshow.se\/wp-content\/uploads\/2024\/06\/IMG_3120-1536x1152.jpeg 1536w, https:\/\/2024.custombikeshow.se\/wp-content\/uploads\/2024\/06\/IMG_3120-scaled.jpeg 1600w, https:\/\/2024.custombikeshow.se\/wp-content\/uploads\/2024\/06\/IMG_3120-16x12.jpeg 16w\" sizes=\"auto, (max-width: 300px) 100vw, 300px\" \/>            <\/div>\n                        <div class=\"gspbgrid_item_inner\">\n            \n<div class=\"gb-container gb-container-1d113184\"><\/div>\n                <\/div>\n        <\/li>\t\t\t\t\t\t\t\t\t\t\t\t\t                            \t\t\t\t\t\t\t\n<li class=\"gspbgrid_item swiper-slide  post-5003\">\n    <a class=\"gspbgrid_item_link\" title=\"28\" href=\"https:\/\/2024.custombikeshow.se\/fi\/28-2\/\"><\/a>                            <div class=\"gspbgrid_item_image_bg gspbgrid_item_image_bg_gsbp-ae592e5\">\n                <div class=\"gspb_backgroundOverlay\"><\/div>\n                <img loading=\"lazy\" decoding=\"async\" width=\"225\" height=\"300\" src=\"https:\/\/2024.custombikeshow.se\/wp-content\/uploads\/2024\/06\/IMG_3119-225x300.jpeg\" class=\"attachment-medium size-medium wp-post-image\" alt=\"\" srcset=\"https:\/\/2024.custombikeshow.se\/wp-content\/uploads\/2024\/06\/IMG_3119-225x300.jpeg 225w, https:\/\/2024.custombikeshow.se\/wp-content\/uploads\/2024\/06\/IMG_3119-768x1024.jpeg 768w, https:\/\/2024.custombikeshow.se\/wp-content\/uploads\/2024\/06\/IMG_3119-1152x1536.jpeg 1152w, https:\/\/2024.custombikeshow.se\/wp-content\/uploads\/2024\/06\/IMG_3119-scaled.jpeg 1200w, https:\/\/2024.custombikeshow.se\/wp-content\/uploads\/2024\/06\/IMG_3119-9x12.jpeg 9w\" sizes=\"auto, (max-width: 225px) 100vw, 225px\" \/>            <\/div>\n                        <div class=\"gspbgrid_item_inner\">\n            \n<div class=\"gb-container gb-container-1d113184\"><\/div>\n                <\/div>\n        <\/li>\t\t\t\t\t\t\t\t\t\t\t\t\t                            \t\t\t\t\t\t\t\n<li class=\"gspbgrid_item swiper-slide  post-5000\">\n    <a class=\"gspbgrid_item_link\" title=\"Untitled_22\" href=\"https:\/\/2024.custombikeshow.se\/fi\/untitled_22\/\"><\/a>                            <div class=\"gspbgrid_item_image_bg gspbgrid_item_image_bg_gsbp-ae592e5\">\n                <div class=\"gspb_backgroundOverlay\"><\/div>\n                <img loading=\"lazy\" decoding=\"async\" width=\"300\" height=\"225\" src=\"https:\/\/2024.custombikeshow.se\/wp-content\/uploads\/2024\/06\/17172414078293662444444362232662-300x225.jpg\" class=\"attachment-medium size-medium wp-post-image\" alt=\"\" srcset=\"https:\/\/2024.custombikeshow.se\/wp-content\/uploads\/2024\/06\/17172414078293662444444362232662-300x225.jpg 300w, https:\/\/2024.custombikeshow.se\/wp-content\/uploads\/2024\/06\/17172414078293662444444362232662-1024x768.jpg 1024w, https:\/\/2024.custombikeshow.se\/wp-content\/uploads\/2024\/06\/17172414078293662444444362232662-768x576.jpg 768w, https:\/\/2024.custombikeshow.se\/wp-content\/uploads\/2024\/06\/17172414078293662444444362232662-1536x1152.jpg 1536w, https:\/\/2024.custombikeshow.se\/wp-content\/uploads\/2024\/06\/17172414078293662444444362232662-scaled.jpg 1600w, https:\/\/2024.custombikeshow.se\/wp-content\/uploads\/2024\/06\/17172414078293662444444362232662-16x12.jpg 16w\" sizes=\"auto, (max-width: 300px) 100vw, 300px\" \/>            <\/div>\n                        <div class=\"gspbgrid_item_inner\">\n            \n<div class=\"gb-container gb-container-1d113184\"><\/div>\n                <\/div>\n        <\/li>\t\t\t\t\t\t\t\t\t\t\t\t\t                            \t\t\t\t\t\t\t\n<li class=\"gspbgrid_item swiper-slide  post-4994\">\n    <a class=\"gspbgrid_item_link\" title=\"27\" href=\"https:\/\/2024.custombikeshow.se\/fi\/27-2\/\"><\/a>                            <div class=\"gspbgrid_item_image_bg gspbgrid_item_image_bg_gsbp-ae592e5\">\n                <div class=\"gspb_backgroundOverlay\"><\/div>\n                <img loading=\"lazy\" decoding=\"async\" width=\"225\" height=\"300\" src=\"https:\/\/2024.custombikeshow.se\/wp-content\/uploads\/2024\/06\/IMG_3118-225x300.jpeg\" class=\"attachment-medium size-medium wp-post-image\" alt=\"\" srcset=\"https:\/\/2024.custombikeshow.se\/wp-content\/uploads\/2024\/06\/IMG_3118-225x300.jpeg 225w, https:\/\/2024.custombikeshow.se\/wp-content\/uploads\/2024\/06\/IMG_3118-768x1024.jpeg 768w, https:\/\/2024.custombikeshow.se\/wp-content\/uploads\/2024\/06\/IMG_3118-1152x1536.jpeg 1152w, https:\/\/2024.custombikeshow.se\/wp-content\/uploads\/2024\/06\/IMG_3118-scaled.jpeg 1200w, https:\/\/2024.custombikeshow.se\/wp-content\/uploads\/2024\/06\/IMG_3118-9x12.jpeg 9w\" sizes=\"auto, (max-width: 225px) 100vw, 225px\" \/>            <\/div>\n                        <div class=\"gspbgrid_item_inner\">\n            \n<div class=\"gb-container gb-container-1d113184\"><\/div>\n                <\/div>\n        <\/li>\t\t\t\t\t\t\t\t\t\t\t\t\t                            \t\t\t\t\t\t\t\n<li class=\"gspbgrid_item swiper-slide  post-4991\">\n    <a class=\"gspbgrid_item_link\" title=\"Untitled_21\" href=\"https:\/\/2024.custombikeshow.se\/fi\/untitled_21\/\"><\/a>                            <div class=\"gspbgrid_item_image_bg gspbgrid_item_image_bg_gsbp-ae592e5\">\n                <div class=\"gspb_backgroundOverlay\"><\/div>\n                <img loading=\"lazy\" decoding=\"async\" width=\"300\" height=\"225\" src=\"https:\/\/2024.custombikeshow.se\/wp-content\/uploads\/2024\/06\/17172412262002957189490253301790-300x225.jpg\" class=\"attachment-medium size-medium wp-post-image\" alt=\"\" srcset=\"https:\/\/2024.custombikeshow.se\/wp-content\/uploads\/2024\/06\/17172412262002957189490253301790-300x225.jpg 300w, https:\/\/2024.custombikeshow.se\/wp-content\/uploads\/2024\/06\/17172412262002957189490253301790-1024x768.jpg 1024w, https:\/\/2024.custombikeshow.se\/wp-content\/uploads\/2024\/06\/17172412262002957189490253301790-768x576.jpg 768w, https:\/\/2024.custombikeshow.se\/wp-content\/uploads\/2024\/06\/17172412262002957189490253301790-1536x1152.jpg 1536w, https:\/\/2024.custombikeshow.se\/wp-content\/uploads\/2024\/06\/17172412262002957189490253301790-scaled.jpg 1600w, https:\/\/2024.custombikeshow.se\/wp-content\/uploads\/2024\/06\/17172412262002957189490253301790-16x12.jpg 16w\" sizes=\"auto, (max-width: 300px) 100vw, 300px\" \/>            <\/div>\n                        <div class=\"gspbgrid_item_inner\">\n            \n<div class=\"gb-container gb-container-1d113184\"><\/div>\n                <\/div>\n        <\/li>\t\t\t\t\t\t\t\t\t\t\t\t\t\t\t\t\t\t<\/ul>\n\t\t\t\t\t\t\t\t\t\t\t<div class=\"gspb_ajax_pagination gspb_ajax_pagination_outer\">\n\t\t\t\t\t\t\t<span data-offset=\"12\" data-containerid=\"gspb_filterid_gsbp-ae592e5\" class=\"gspb_ajax_pagination_btn\">\n\t\t\t\t\t\t\t\t\t\t\t\t\t\t\t<\/span>\n\t\t\t\t\t\t<\/div>\n\t\t\t\t\t\n\t\t\t\t\t\n\t\t\t\t<\/div>\n\t\t\t\t<div class=\"clearfix\"><\/div>\n\t\t\t\n\t\t\t\n<\/div>\n<\/div><\/div>","protected":false},"excerpt":{"rendered":"<p>Publikbilder H\u00e4r kan publiken bidra med bilder. Alla r\u00e4ttigheter tillfaller Twin Club. Ni kan l\u00e4gga till hur m\u00e5nga bilder ni vill men en i taget.<\/p>","protected":false},"author":1,"featured_media":0,"parent":0,"menu_order":0,"comment_status":"closed","ping_status":"closed","template":"","meta":{"_gspb_post_css":"@keyframes fr-loading-rotate{0%{transform:rotate(0)}to{transform:rotate(360deg)}}.gspbgrid_id-gsbp-ae592e5 .wp-block-post-template{list-style:none;margin:0;padding:0}.gspbgrid_id-gsbp-ae592e5 .wp-block-post-template:before{display:none!important}.gspbgrid_id-gsbp-ae592e5 .wp-block-post-template>li{width:100%!important}.gspbgrid_id-gsbp-ae592e5 .gspb_ajax_pagination_btn:after{height:48px;width:48px;color:rgba(140,2,232,.08);display:inline-block;border:4px solid;border-radius:50%;border-right-color:rgb(140 2 232\/28%);transform:rotate(0);animation:fr-loading-rotate 1s ease-in-out infinite;pointer-events:none;content:\"\";will-change:transform}.gspbgrid_id-gsbp-ae592e5 .wp-block-post-template>.gspbgrid_item{overflow:hidden;border-top-left-radius:6px;border-top-right-radius:6px;border-bottom-right-radius:6px;border-bottom-left-radius:6px;border-style:solid;border-width:1px;border-color:#7d7d7d2b;position:relative}.gspbgrid_id-gsbp-ae592e5 .gspbgrid_item_link{position:absolute;top:0;left:0;right:0;bottom:0;width:100%;height:100%;z-index:3}.gspbgrid_id-gsbp-ae592e5 .wp-block-post-template{display:grid;grid-template-columns:repeat(3,1fr)}@media (max-width:991.98px){.gspbgrid_id-gsbp-ae592e5 .wp-block-post-template{grid-template-columns:repeat(3,1fr)}}@media (max-width:767.98px){.gspbgrid_id-gsbp-ae592e5 .wp-block-post-template{grid-template-columns:repeat(2,1fr)}}@media (max-width:575.98px){.gspbgrid_id-gsbp-ae592e5 .wp-block-post-template{grid-template-columns:repeat(1,1fr)}}.gspbgrid_id-gsbp-ae592e5 .wp-block-post-template{gap:10px}@media (max-width:991.98px){.gspbgrid_id-gsbp-ae592e5 .wp-block-post-template{gap:20px}}@media (max-width:767.98px){.gspbgrid_id-gsbp-ae592e5 .wp-block-post-template{gap:20px}}@media (max-width:575.98px){.gspbgrid_id-gsbp-ae592e5 .wp-block-post-template{gap:20px}}.gspbgrid_id-gsbp-ae592e5 .gspbgrid_item_image_bg{position:absolute;top:0;left:0;bottom:0;right:0;width:100%;height:100%;z-index:0;pointer-events:none}.gspbgrid_id-gsbp-ae592e5 .gspbgrid_item_image_bg img{object-fit:cover;width:100%;height:100%}.gspbgrid_id-gsbp-ae592e5 .gspbgrid_item_inner{position:relative;z-index:2;width:100%;height:100%}.gspbgrid_id-gsbp-ae592e5 .gspb_backgroundOverlay{position:absolute;z-index:1!important;width:100%;height:100%;pointer-events:none;top:0;left:0;bottom:0;right:0}","iawp_total_views":1095,"footnotes":""},"class_list":["post-2640","page","type-page","status-publish"],"_links":{"self":[{"href":"https:\/\/2024.custombikeshow.se\/fi\/wp-json\/wp\/v2\/pages\/2640","targetHints":{"allow":["GET"]}}],"collection":[{"href":"https:\/\/2024.custombikeshow.se\/fi\/wp-json\/wp\/v2\/pages"}],"about":[{"href":"https:\/\/2024.custombikeshow.se\/fi\/wp-json\/wp\/v2\/types\/page"}],"author":[{"embeddable":true,"href":"https:\/\/2024.custombikeshow.se\/fi\/wp-json\/wp\/v2\/users\/1"}],"replies":[{"embeddable":true,"href":"https:\/\/2024.custombikeshow.se\/fi\/wp-json\/wp\/v2\/comments?post=2640"}],"version-history":[{"count":17,"href":"https:\/\/2024.custombikeshow.se\/fi\/wp-json\/wp\/v2\/pages\/2640\/revisions"}],"predecessor-version":[{"id":4829,"href":"https:\/\/2024.custombikeshow.se\/fi\/wp-json\/wp\/v2\/pages\/2640\/revisions\/4829"}],"wp:attachment":[{"href":"https:\/\/2024.custombikeshow.se\/fi\/wp-json\/wp\/v2\/media?parent=2640"}],"curies":[{"name":"wp","href":"https:\/\/api.w.org\/{rel}","templated":true}]}}