{"id":290,"date":"2022-05-12T10:55:45","date_gmt":"2022-05-12T08:55:45","guid":{"rendered":"https:\/\/2024.custombikeshow.se\/?page_id=290"},"modified":"2022-05-17T21:12:27","modified_gmt":"2022-05-17T19:12:27","slug":"movies","status":"publish","type":"page","link":"https:\/\/2024.custombikeshow.se\/fi\/movies\/","title":{"rendered":"Movies"},"content":{"rendered":"<div class=\"gb-container gb-container-9162f1b7\"><div class=\"gb-inside-container\">\n\n<h1 class=\"gb-headline gb-headline-74037a8a gb-headline-text\">Streaming &amp; Movies<\/h1>\n\n\n\n<p>H\u00e4r kommer vi att live-streama direkt fr\u00e5n Societetsparken under dagen. <\/p>\n\n\n\n<p>En och annan gammal film fr\u00e5n tidigare Custom Bike Show ska nog ocks\u00e5 hinna med. \ud83d\ude42<\/p>\n\n<\/div><\/div>\n\n\n<p><\/p>","protected":false},"excerpt":{"rendered":"<p>Streaming &amp; Movies H\u00e4r kommer vi att live-streama direkt fr\u00e5n Societetsparken under dagen. En och annan gammal film fr\u00e5n tidigare Custom Bike Show ska nog ocks\u00e5 hinna med. \ud83d\ude42<\/p>","protected":false},"author":1,"featured_media":0,"parent":0,"menu_order":0,"comment_status":"closed","ping_status":"closed","template":"","meta":{"_gspb_post_css":"","iawp_total_views":0,"footnotes":""},"class_list":["post-290","page","type-page","status-publish"],"_links":{"self":[{"href":"https:\/\/2024.custombikeshow.se\/fi\/wp-json\/wp\/v2\/pages\/290","targetHints":{"allow":["GET"]}}],"collection":[{"href":"https:\/\/2024.custombikeshow.se\/fi\/wp-json\/wp\/v2\/pages"}],"about":[{"href":"https:\/\/2024.custombikeshow.se\/fi\/wp-json\/wp\/v2\/types\/page"}],"author":[{"embeddable":true,"href":"https:\/\/2024.custombikeshow.se\/fi\/wp-json\/wp\/v2\/users\/1"}],"replies":[{"embeddable":true,"href":"https:\/\/2024.custombikeshow.se\/fi\/wp-json\/wp\/v2\/comments?post=290"}],"version-history":[{"count":3,"href":"https:\/\/2024.custombikeshow.se\/fi\/wp-json\/wp\/v2\/pages\/290\/revisions"}],"predecessor-version":[{"id":683,"href":"https:\/\/2024.custombikeshow.se\/fi\/wp-json\/wp\/v2\/pages\/290\/revisions\/683"}],"wp:attachment":[{"href":"https:\/\/2024.custombikeshow.se\/fi\/wp-json\/wp\/v2\/media?parent=290"}],"curies":[{"name":"wp","href":"https:\/\/api.w.org\/{rel}","templated":true}]}}