{"id":41,"date":"2022-04-08T09:12:04","date_gmt":"2022-04-08T07:12:04","guid":{"rendered":"https:\/\/2024.custombikeshow.se\/?page_id=41"},"modified":"2024-05-30T17:06:53","modified_gmt":"2024-05-30T15:06:53","slug":"faq","status":"publish","type":"page","link":"https:\/\/2024.custombikeshow.se\/fi\/faq\/","title":{"rendered":"FAQ"},"content":{"rendered":"<div class=\"gb-container gb-container-e7640f62\">\n<div class=\"gb-container gb-container-2b0e3966\">\n\n<h1 class=\"gb-headline gb-headline-74e8dd9a gb-headline-text\">FAQ<\/h1>\n\n\n\n<p><strong>Mit\u00e4 t\u00e4m\u00e4 on?<\/strong><\/p>\n\n\n\n<p>T\u00c4M\u00c4 ON CUSTOM BIKE SHOW'N DIGITAALINEN OSA.<br>Lauantaina 1. kes\u00e4kuuta j\u00e4rjestet\u00e4\u00e4n Norrt\u00e4ljen Societetetsparkenissa Custom Bike Show, jossa on paljon hienoja moottoripy\u00f6ri\u00e4 ja tuhansia k\u00e4vij\u00f6it\u00e4.<br><br>T\u00e4\u00e4ll\u00e4 voit seurata p\u00e4iv\u00e4\u00e4 virtuaalisesti n\u00e4ytteill\u00e4 olevien moottoripy\u00f6rien kuvien avulla, tarkistaa, ketk\u00e4 meit\u00e4 tukevat eli mainostajat, ja \u00e4\u00e4nest\u00e4\u00e4 suosikkimoottoripy\u00f6r\u00e4\u00e4si \"Peoples Choice\".<br><br>Custom Bike Show'n j\u00e4rjest\u00e4\u00e4 Twin Club Mc, yksi Ruotsin vanhimmista moottoripy\u00f6r\u00e4kerhoista.<\/p>\n\n\n<div class=\"gb-container gb-container-b2e2b52b gb-accordion\">\n<div class=\"gb-container gb-container-5c53934a gb-accordion__item gb-accordion__item-open\" data-transition=\"slide\">\n\n<button class=\"gb-button gb-button-ec8e5aee gb-accordion__toggle gb-block-is-current\"><span class=\"gb-button-text\">Miten rekister\u00f6idyn?<\/span><span class=\"gb-icon\"><svg xmlns=\"http:\/\/www.w3.org\/2000\/svg\" viewbox=\"0 0 448 512\" width=\"1em\" height=\"1em\" ariahidden=\"true\" role=\"img\" class=\"gb-accordion__icon\"><path d=\"M207.029 381.476L12.686 187.132c-9.373-9.373-9.373-24.569 0-33.941l22.667-22.667c9.357-9.357 24.522-9.375 33.901-.04L224 284.505l154.745-154.021c9.379-9.335 24.544-9.317 33.901.04l22.667 22.667c9.373 9.373 9.373 24.569 0 33.941L240.971 381.476c-9.373 9.372-24.569 9.372-33.942 0z\" fill=\"currentColor\"><\/path><\/svg><svg xmlns=\"http:\/\/www.w3.org\/2000\/svg\" viewbox=\"0 0 448 512\" width=\"1em\" height=\"1em\" ariahidden=\"true\" role=\"img\" class=\"gb-accordion__icon-open\"><path d=\"M240.971 130.524l194.343 194.343c9.373 9.373 9.373 24.569 0 33.941l-22.667 22.667c-9.357 9.357-24.522 9.375-33.901.04L224 227.495 69.255 381.516c-9.379 9.335-24.544 9.317-33.901-.04l-22.667-22.667c-9.373-9.373-9.373-24.569 0-33.941L207.03 130.525c9.372-9.373 24.568-9.373 33.941-.001z\" fill=\"currentColor\"><\/path><\/svg><\/span><\/button>\n\n\n<div class=\"gb-accordion__content\"><div class=\"gb-container gb-container-8dbf442a\">\n\n<p>Kun saavut Societetetsparkeniin, seuraa \"N\u00e4ytteilleasettaja\"-viittoja puistoon. Sis\u00e4\u00e4nk\u00e4ynnill\u00e4 Marlon &amp; Co luokittelee py\u00f6r\u00e4si. Seuraa sitten ohjeita ja aja alueelle, jossa \"luokkasi\" sijaitsee. Siell\u00e4 rekister\u00f6idyt ja saat numerolapun py\u00f6r\u00e4\u00e4si.<br>&nbsp;<br>Py\u00f6r\u00e4st\u00e4, omistajasta ja sijainnista annetut tiedot julkaistaan. Antamiasi yhteystietoja (jotta voimme tavoittaa sinut) ei julkaista.<\/p>\n\n<\/div><\/div>\n<\/div>\n\n<div class=\"gb-container gb-container-378b76d5 gb-accordion__item\" data-transition=\"slide\">\n\n<button class=\"gb-button gb-button-4ea61b18 gb-accordion__toggle\"><span class=\"gb-button-text\">Minulla on useita moottoripy\u00f6ri\u00e4, jotka haluan rekister\u00f6id\u00e4, miten teen sen?<\/span><span class=\"gb-icon\"><svg xmlns=\"http:\/\/www.w3.org\/2000\/svg\" viewbox=\"0 0 448 512\" width=\"1em\" height=\"1em\" ariahidden=\"true\" role=\"img\" class=\"gb-accordion__icon\"><path d=\"M207.029 381.476L12.686 187.132c-9.373-9.373-9.373-24.569 0-33.941l22.667-22.667c9.357-9.357 24.522-9.375 33.901-.04L224 284.505l154.745-154.021c9.379-9.335 24.544-9.317 33.901.04l22.667 22.667c9.373 9.373 9.373 24.569 0 33.941L240.971 381.476c-9.373 9.372-24.569 9.372-33.942 0z\" fill=\"currentColor\"><\/path><\/svg><svg xmlns=\"http:\/\/www.w3.org\/2000\/svg\" viewbox=\"0 0 448 512\" width=\"1em\" height=\"1em\" ariahidden=\"true\" role=\"img\" class=\"gb-accordion__icon-open\"><path d=\"M240.971 130.524l194.343 194.343c9.373 9.373 9.373 24.569 0 33.941l-22.667 22.667c-9.357 9.357-24.522 9.375-33.901.04L224 227.495 69.255 381.516c-9.379 9.335-24.544 9.317-33.901-.04l-22.667-22.667c-9.373-9.373-9.373-24.569 0-33.941L207.03 130.525c9.372-9.373 24.568-9.373 33.941-.001z\" fill=\"currentColor\"><\/path><\/svg><\/span><\/button>\n\n\n<div class=\"gb-accordion__content\"><div class=\"gb-container gb-container-03bd9122\">\n\n<p>Ei se mit\u00e4\u00e4n, kunhan ajat moottoripy\u00f6r\u00e4ll\u00e4, voit ottaa niin monta kuin haluat.<\/p>\n\n<\/div><\/div>\n<\/div>\n\n<div class=\"gb-container gb-container-7fe3c939 gb-accordion__item\" data-transition=\"slide\">\n\n<button class=\"gb-button gb-button-697d9f67 gb-accordion__toggle\"><span class=\"gb-button-text\">Milloin on viimeinen mahdollisuus ilmoittautua?<\/span><span class=\"gb-icon\"><svg xmlns=\"http:\/\/www.w3.org\/2000\/svg\" viewbox=\"0 0 448 512\" width=\"1em\" height=\"1em\" ariahidden=\"true\" role=\"img\" class=\"gb-accordion__icon\"><path d=\"M207.029 381.476L12.686 187.132c-9.373-9.373-9.373-24.569 0-33.941l22.667-22.667c9.357-9.357 24.522-9.375 33.901-.04L224 284.505l154.745-154.021c9.379-9.335 24.544-9.317 33.901.04l22.667 22.667c9.373 9.373 9.373 24.569 0 33.941L240.971 381.476c-9.373 9.372-24.569 9.372-33.942 0z\" fill=\"currentColor\"><\/path><\/svg><svg xmlns=\"http:\/\/www.w3.org\/2000\/svg\" viewbox=\"0 0 448 512\" width=\"1em\" height=\"1em\" ariahidden=\"true\" role=\"img\" class=\"gb-accordion__icon-open\"><path d=\"M240.971 130.524l194.343 194.343c9.373 9.373 9.373 24.569 0 33.941l-22.667 22.667c-9.357 9.357-24.522 9.375-33.901.04L224 227.495 69.255 381.516c-9.379 9.335-24.544 9.317-33.901-.04l-22.667-22.667c-9.373-9.373-9.373-24.569 0-33.941L207.03 130.525c9.372-9.373 24.568-9.373 33.941-.001z\" fill=\"currentColor\"><\/path><\/svg><\/span><\/button>\n\n\n<div class=\"gb-accordion__content\"><div class=\"gb-container gb-container-97f2fc8c\">\n\n<p>Ilmoittautuminen on avoinna lauantaina klo 9.00-13.00.<\/p>\n\n<\/div><\/div>\n<\/div>\n\n<div class=\"gb-container gb-container-1cd81a31 gb-accordion__item\" data-transition=\"slide\">\n\n<button class=\"gb-button gb-button-69427f6f gb-accordion__toggle\"><span class=\"gb-button-text\">Kuka p\u00e4\u00e4tt\u00e4\u00e4, mihin luokkaan minut sijoitetaan?<\/span><span class=\"gb-icon\"><svg xmlns=\"http:\/\/www.w3.org\/2000\/svg\" viewbox=\"0 0 448 512\" width=\"1em\" height=\"1em\" ariahidden=\"true\" role=\"img\" class=\"gb-accordion__icon\"><path d=\"M207.029 381.476L12.686 187.132c-9.373-9.373-9.373-24.569 0-33.941l22.667-22.667c9.357-9.357 24.522-9.375 33.901-.04L224 284.505l154.745-154.021c9.379-9.335 24.544-9.317 33.901.04l22.667 22.667c9.373 9.373 9.373 24.569 0 33.941L240.971 381.476c-9.373 9.372-24.569 9.372-33.942 0z\" fill=\"currentColor\"><\/path><\/svg><svg xmlns=\"http:\/\/www.w3.org\/2000\/svg\" viewbox=\"0 0 448 512\" width=\"1em\" height=\"1em\" ariahidden=\"true\" role=\"img\" class=\"gb-accordion__icon-open\"><path d=\"M240.971 130.524l194.343 194.343c9.373 9.373 9.373 24.569 0 33.941l-22.667 22.667c-9.357 9.357-24.522 9.375-33.901.04L224 227.495 69.255 381.516c-9.379 9.335-24.544 9.317-33.901-.04l-22.667-22.667c-9.373-9.373-9.373-24.569 0-33.941L207.03 130.525c9.372-9.373 24.568-9.373 33.941-.001z\" fill=\"currentColor\"><\/path><\/svg><\/span><\/button>\n\n\n<div class=\"gb-accordion__content\"><div class=\"gb-container gb-container-92699f68\">\n\n<p>Sis\u00e4\u00e4nk\u00e4ynnill\u00e4 Marlon &amp; Co luokittelee py\u00f6r\u00e4si.<\/p>\n\n<\/div><\/div>\n<\/div>\n\n<div class=\"gb-container gb-container-63e985fe gb-accordion__item\" data-transition=\"slide\">\n\n<button class=\"gb-button gb-button-379e314c gb-accordion__toggle\"><span class=\"gb-button-text\">Kuinka kauan kuvia n\u00e4ytet\u00e4\u00e4n sivulla.<\/span><span class=\"gb-icon\"><svg xmlns=\"http:\/\/www.w3.org\/2000\/svg\" viewbox=\"0 0 448 512\" width=\"1em\" height=\"1em\" ariahidden=\"true\" role=\"img\" class=\"gb-accordion__icon\"><path d=\"M207.029 381.476L12.686 187.132c-9.373-9.373-9.373-24.569 0-33.941l22.667-22.667c9.357-9.357 24.522-9.375 33.901-.04L224 284.505l154.745-154.021c9.379-9.335 24.544-9.317 33.901.04l22.667 22.667c9.373 9.373 9.373 24.569 0 33.941L240.971 381.476c-9.373 9.372-24.569 9.372-33.942 0z\" fill=\"currentColor\"><\/path><\/svg><svg xmlns=\"http:\/\/www.w3.org\/2000\/svg\" viewbox=\"0 0 448 512\" width=\"1em\" height=\"1em\" ariahidden=\"true\" role=\"img\" class=\"gb-accordion__icon-open\"><path d=\"M240.971 130.524l194.343 194.343c9.373 9.373 9.373 24.569 0 33.941l-22.667 22.667c-9.357 9.357-24.522 9.375-33.901.04L224 227.495 69.255 381.516c-9.379 9.335-24.544 9.317-33.901-.04l-22.667-22.667c-9.373-9.373-9.373-24.569 0-33.941L207.03 130.525c9.372-9.373 24.568-9.373 33.941-.001z\" fill=\"currentColor\"><\/path><\/svg><\/span><\/button>\n\n\n<div class=\"gb-accordion__content\"><div class=\"gb-container gb-container-ce72ff64\">\n\n<p>Kuvat ovat saatavilla t\u00e4ll\u00e4 sivulla loppuvuoden ajan ja osoitteessa&nbsp;<a href=\"https:\/\/www.custombikeshow.se\/\">https:\/\/www.custombikeshow.se\/<\/a>&nbsp;sen j\u00e4lkeen ilman p\u00e4\u00e4ttymisp\u00e4iv\u00e4\u00e4.<\/p>\n\n<\/div><\/div>\n<\/div>\n\n<div class=\"gb-container gb-container-9f6f72a5 gb-accordion__item\" data-transition=\"slide\">\n\n<button class=\"gb-button gb-button-cc4698ff gb-accordion__toggle\"><span class=\"gb-button-text\">Onko AMD:n maailmanmestaruuskilpailuja t\u00e4n\u00e4 vuonna?<\/span><span class=\"gb-icon\"><svg xmlns=\"http:\/\/www.w3.org\/2000\/svg\" viewbox=\"0 0 448 512\" width=\"1em\" height=\"1em\" ariahidden=\"true\" role=\"img\" class=\"gb-accordion__icon\"><path d=\"M207.029 381.476L12.686 187.132c-9.373-9.373-9.373-24.569 0-33.941l22.667-22.667c9.357-9.357 24.522-9.375 33.901-.04L224 284.505l154.745-154.021c9.379-9.335 24.544-9.317 33.901.04l22.667 22.667c9.373 9.373 9.373 24.569 0 33.941L240.971 381.476c-9.373 9.372-24.569 9.372-33.942 0z\" fill=\"currentColor\"><\/path><\/svg><svg xmlns=\"http:\/\/www.w3.org\/2000\/svg\" viewbox=\"0 0 448 512\" width=\"1em\" height=\"1em\" ariahidden=\"true\" role=\"img\" class=\"gb-accordion__icon-open\"><path d=\"M240.971 130.524l194.343 194.343c9.373 9.373 9.373 24.569 0 33.941l-22.667 22.667c-9.357 9.357-24.522 9.375-33.901.04L224 227.495 69.255 381.516c-9.379 9.335-24.544 9.317-33.901-.04l-22.667-22.667c-9.373-9.373-9.373-24.569 0-33.941L207.03 130.525c9.372-9.373 24.568-9.373 33.941-.001z\" fill=\"currentColor\"><\/path><\/svg><\/span><\/button>\n\n\n<div class=\"gb-accordion__content\"><div class=\"gb-container gb-container-8c0a2c31\">\n\n<p>T\u00e4n\u00e4 vuonna Custom Bike Show -valintakilpailu maailmanmestaruuskilpailuihin on korvattu \"Twin Clubs Choice\" -kilpailulla.<br>3 voittajaa valitaan.<br><br>Eri maissa voimassa olevien Covid-19-rajoitusten vuoksi AMD on p\u00e4\u00e4tt\u00e4nyt odottaa hieman pidemp\u00e4\u00e4n ennen MM-kisojen j\u00e4rjest\u00e4mist\u00e4.<\/p>\n\n<\/div><\/div>\n<\/div>\n\n<div class=\"gb-container gb-container-6bfdcf22 gb-accordion__item\" data-transition=\"slide\">\n\n<button class=\"gb-button gb-button-2086f922 gb-accordion__toggle\"><span class=\"gb-button-text\">Mit\u00e4 voit saada?<\/span><span class=\"gb-icon\"><svg xmlns=\"http:\/\/www.w3.org\/2000\/svg\" viewbox=\"0 0 448 512\" width=\"1em\" height=\"1em\" ariahidden=\"true\" role=\"img\" class=\"gb-accordion__icon\"><path d=\"M207.029 381.476L12.686 187.132c-9.373-9.373-9.373-24.569 0-33.941l22.667-22.667c9.357-9.357 24.522-9.375 33.901-.04L224 284.505l154.745-154.021c9.379-9.335 24.544-9.317 33.901.04l22.667 22.667c9.373 9.373 9.373 24.569 0 33.941L240.971 381.476c-9.373 9.372-24.569 9.372-33.942 0z\" fill=\"currentColor\"><\/path><\/svg><svg xmlns=\"http:\/\/www.w3.org\/2000\/svg\" viewbox=\"0 0 448 512\" width=\"1em\" height=\"1em\" ariahidden=\"true\" role=\"img\" class=\"gb-accordion__icon-open\"><path d=\"M240.971 130.524l194.343 194.343c9.373 9.373 9.373 24.569 0 33.941l-22.667 22.667c-9.357 9.357-24.522 9.375-33.901.04L224 227.495 69.255 381.516c-9.379 9.335-24.544 9.317-33.901-.04l-22.667-22.667c-9.373-9.373-9.373-24.569 0-33.941L207.03 130.525c9.372-9.373 24.568-9.373 33.941-.001z\" fill=\"currentColor\"><\/path><\/svg><\/span><\/button>\n\n\n<div class=\"gb-accordion__content\"><div class=\"gb-container gb-container-19e50166\">\n\n<p>Kunkin luokan voittajat saavat klassisen tinapokaalin ja jakavat my\u00f6s noin 400 000 kruunun arvoisen palkintop\u00f6yd\u00e4n ja diplomin.<\/p>\n\n<\/div><\/div>\n<\/div>\n\n<div class=\"gb-container gb-container-ebf8aa47 gb-accordion__item\" data-transition=\"slide\">\n\n<button class=\"gb-button gb-button-cbddddaa gb-accordion__toggle\"><span class=\"gb-button-text\">Kuinka paljon n\u00e4yttely maksaa?<\/span><span class=\"gb-icon\"><svg xmlns=\"http:\/\/www.w3.org\/2000\/svg\" viewbox=\"0 0 448 512\" width=\"1em\" height=\"1em\" ariahidden=\"true\" role=\"img\" class=\"gb-accordion__icon\"><path d=\"M207.029 381.476L12.686 187.132c-9.373-9.373-9.373-24.569 0-33.941l22.667-22.667c9.357-9.357 24.522-9.375 33.901-.04L224 284.505l154.745-154.021c9.379-9.335 24.544-9.317 33.901.04l22.667 22.667c9.373 9.373 9.373 24.569 0 33.941L240.971 381.476c-9.373 9.372-24.569 9.372-33.942 0z\" fill=\"currentColor\"><\/path><\/svg><svg xmlns=\"http:\/\/www.w3.org\/2000\/svg\" viewbox=\"0 0 448 512\" width=\"1em\" height=\"1em\" ariahidden=\"true\" role=\"img\" class=\"gb-accordion__icon-open\"><path d=\"M240.971 130.524l194.343 194.343c9.373 9.373 9.373 24.569 0 33.941l-22.667 22.667c-9.357 9.357-24.522 9.375-33.901.04L224 227.495 69.255 381.516c-9.379 9.335-24.544 9.317-33.901-.04l-22.667-22.667c-9.373-9.373-9.373-24.569 0-33.941L207.03 130.525c9.372-9.373 24.568-9.373 33.941-.001z\" fill=\"currentColor\"><\/path><\/svg><\/span><\/button>\n\n\n<div class=\"gb-accordion__content\"><div class=\"gb-container gb-container-c4f3648d\">\n\n<p>N\u00e4yttelyyn osallistuminen on ilmaista. Maksat kuitenkin sis\u00e4\u00e4np\u00e4\u00e4symaksun kuten kaikki muutkin.<\/p>\n\n<\/div><\/div>\n<\/div>\n\n<div class=\"gb-container gb-container-6b7ed827 gb-accordion__item\" data-transition=\"slide\">\n\n<button class=\"gb-button gb-button-2c205cda gb-accordion__toggle\"><span class=\"gb-button-text\">Miten \u00e4\u00e4nest\u00e4n?<\/span><span class=\"gb-icon\"><svg xmlns=\"http:\/\/www.w3.org\/2000\/svg\" viewbox=\"0 0 448 512\" width=\"1em\" height=\"1em\" ariahidden=\"true\" role=\"img\" class=\"gb-accordion__icon\"><path d=\"M207.029 381.476L12.686 187.132c-9.373-9.373-9.373-24.569 0-33.941l22.667-22.667c9.357-9.357 24.522-9.375 33.901-.04L224 284.505l154.745-154.021c9.379-9.335 24.544-9.317 33.901.04l22.667 22.667c9.373 9.373 9.373 24.569 0 33.941L240.971 381.476c-9.373 9.372-24.569 9.372-33.942 0z\" fill=\"currentColor\"><\/path><\/svg><svg xmlns=\"http:\/\/www.w3.org\/2000\/svg\" viewbox=\"0 0 448 512\" width=\"1em\" height=\"1em\" ariahidden=\"true\" role=\"img\" class=\"gb-accordion__icon-open\"><path d=\"M240.971 130.524l194.343 194.343c9.373 9.373 9.373 24.569 0 33.941l-22.667 22.667c-9.357 9.357-24.522 9.375-33.901.04L224 227.495 69.255 381.516c-9.379 9.335-24.544 9.317-33.901-.04l-22.667-22.667c-9.373-9.373-9.373-24.569 0-33.941L207.03 130.525c9.372-9.373 24.568-9.373 33.941-.001z\" fill=\"currentColor\"><\/path><\/svg><\/span><\/button>\n\n\n<div class=\"gb-accordion__content\"><div class=\"gb-container gb-container-72edde25\">\n\n<p>Vierailijana t\u00e4yt\u00e4 ohjelmalehdess\u00e4 olevaan \u00e4\u00e4nestyslippuun nimesi, yhteystietosi ja suosikkimoottoripy\u00f6r\u00e4si numero. Leikkaa se irti ja laita se yhteen keltaisista \u00e4\u00e4nestyslaatikoista, joita on saatavilla paikan p\u00e4\u00e4ll\u00e4.<\/p>\n\n\n\n<p>N\u00e4ytteilleasettajana voit \u00e4\u00e4nest\u00e4\u00e4 suosikkimoottoripy\u00f6r\u00e4\u00e4si kussakin luokassa. Saat \u00e4\u00e4nestyslipun ilmoittautumisen yhteydess\u00e4. T\u00e4yt\u00e4 se ja laita se johonkin puiston alueella olevista keltaisista \u00e4\u00e4nestyslaatikoista.<\/p>\n\n<\/div><\/div>\n<\/div>\n\n<div class=\"gb-container gb-container-1a779d75 gb-accordion__item\" data-transition=\"slide\">\n\n<button class=\"gb-button gb-button-6a88b22d gb-accordion__toggle\"><span class=\"gb-button-text\">Mist\u00e4 tied\u00e4n, kuka voittaa?<\/span><span class=\"gb-icon\"><svg xmlns=\"http:\/\/www.w3.org\/2000\/svg\" viewbox=\"0 0 448 512\" width=\"1em\" height=\"1em\" ariahidden=\"true\" role=\"img\" class=\"gb-accordion__icon\"><path d=\"M207.029 381.476L12.686 187.132c-9.373-9.373-9.373-24.569 0-33.941l22.667-22.667c9.357-9.357 24.522-9.375 33.901-.04L224 284.505l154.745-154.021c9.379-9.335 24.544-9.317 33.901.04l22.667 22.667c9.373 9.373 9.373 24.569 0 33.941L240.971 381.476c-9.373 9.372-24.569 9.372-33.942 0z\" fill=\"currentColor\"><\/path><\/svg><svg xmlns=\"http:\/\/www.w3.org\/2000\/svg\" viewbox=\"0 0 448 512\" width=\"1em\" height=\"1em\" ariahidden=\"true\" role=\"img\" class=\"gb-accordion__icon-open\"><path d=\"M240.971 130.524l194.343 194.343c9.373 9.373 9.373 24.569 0 33.941l-22.667 22.667c-9.357 9.357-24.522 9.375-33.901.04L224 227.495 69.255 381.516c-9.379 9.335-24.544 9.317-33.901-.04l-22.667-22.667c-9.373-9.373-9.373-24.569 0-33.941L207.03 130.525c9.372-9.373 24.568-9.373 33.941-.001z\" fill=\"currentColor\"><\/path><\/svg><\/span><\/button>\n\n\n<div class=\"gb-accordion__content\"><div class=\"gb-container gb-container-102c1753\">\n\n<p>Voittajat julkistetaan puistossa j\u00e4rjestett\u00e4v\u00e4ss\u00e4 palkintoseremoniassa ja julkaistaan t\u00e4\u00e4ll\u00e4 ja osoitteessa&nbsp;<a href=\"https:\/\/www.custombikeshow.se\/\">https:\/\/www.custombikeshow.se\/<\/a>&nbsp;tavalliseen tapaan, kun n\u00e4yttely on valmis.<\/p>\n\n<\/div><\/div>\n<\/div>\n\n<div class=\"gb-container gb-container-81e4b215 gb-accordion__item\" data-transition=\"slide\">\n\n<button class=\"gb-button gb-button-9352e6b5 gb-accordion__toggle\"><span class=\"gb-button-text\">J\u00e4rjest\u00e4ttek\u00f6 juhlia iltaisin ennen ja j\u00e4lkeen n\u00e4yttelyn?<\/span><span class=\"gb-icon\"><svg xmlns=\"http:\/\/www.w3.org\/2000\/svg\" viewbox=\"0 0 448 512\" width=\"1em\" height=\"1em\" ariahidden=\"true\" role=\"img\" class=\"gb-accordion__icon\"><path d=\"M207.029 381.476L12.686 187.132c-9.373-9.373-9.373-24.569 0-33.941l22.667-22.667c9.357-9.357 24.522-9.375 33.901-.04L224 284.505l154.745-154.021c9.379-9.335 24.544-9.317 33.901.04l22.667 22.667c9.373 9.373 9.373 24.569 0 33.941L240.971 381.476c-9.373 9.372-24.569 9.372-33.942 0z\" fill=\"currentColor\"><\/path><\/svg><svg xmlns=\"http:\/\/www.w3.org\/2000\/svg\" viewbox=\"0 0 448 512\" width=\"1em\" height=\"1em\" ariahidden=\"true\" role=\"img\" class=\"gb-accordion__icon-open\"><path d=\"M240.971 130.524l194.343 194.343c9.373 9.373 9.373 24.569 0 33.941l-22.667 22.667c-9.357 9.357-24.522 9.375-33.901.04L224 227.495 69.255 381.516c-9.379 9.335-24.544 9.317-33.901-.04l-22.667-22.667c-9.373-9.373-9.373-24.569 0-33.941L207.03 130.525c9.372-9.373 24.568-9.373 33.941-.001z\" fill=\"currentColor\"><\/path><\/svg><\/span><\/button>\n\n\n<div class=\"gb-accordion__content\"><div class=\"gb-container gb-container-d7cbcc3d\">\n\n<p>Kyll\u00e4, sek\u00e4 perjantaina ett\u00e4 lauantaina on juhlat!<\/p>\n\n<\/div><\/div>\n<\/div>\n<\/div>\n<\/div>\n<\/div>","protected":false},"excerpt":{"rendered":"<p>FAQ Vad \u00e4r detta? DETTA \u00c4R DEN DIGITALA DELEN AV CUSTOM BIKE SHOW.L\u00f6rdag den 1 juni \u00e4r det Custom Bike Show, i Societetsparken i Norrt\u00e4lje med massor av h\u00e4ftiga motorcyklar och tusentals bes\u00f6kare. H\u00e4r kan ni f\u00f6lja dagen virtuellt via bilder p\u00e5 utst\u00e4llda motorcyklar, kolla vilka som st\u00f6der oss dvs. Annons\u00f6rer och r\u00f6sta p\u00e5 din &#8230; <a title=\"FAQ\" class=\"read-more\" href=\"https:\/\/2024.custombikeshow.se\/fi\/faq\/\" aria-label=\"Lue lis\u00e4\u00e4 aiheesta FAQ\">Lue lis\u00e4\u00e4<\/a><\/p>","protected":false},"author":1,"featured_media":0,"parent":0,"menu_order":0,"comment_status":"closed","ping_status":"closed","template":"","meta":{"_gspb_post_css":"","iawp_total_views":394,"footnotes":""},"class_list":["post-41","page","type-page","status-publish"],"_links":{"self":[{"href":"https:\/\/2024.custombikeshow.se\/fi\/wp-json\/wp\/v2\/pages\/41","targetHints":{"allow":["GET"]}}],"collection":[{"href":"https:\/\/2024.custombikeshow.se\/fi\/wp-json\/wp\/v2\/pages"}],"about":[{"href":"https:\/\/2024.custombikeshow.se\/fi\/wp-json\/wp\/v2\/types\/page"}],"author":[{"embeddable":true,"href":"https:\/\/2024.custombikeshow.se\/fi\/wp-json\/wp\/v2\/users\/1"}],"replies":[{"embeddable":true,"href":"https:\/\/2024.custombikeshow.se\/fi\/wp-json\/wp\/v2\/comments?post=41"}],"version-history":[{"count":46,"href":"https:\/\/2024.custombikeshow.se\/fi\/wp-json\/wp\/v2\/pages\/41\/revisions"}],"predecessor-version":[{"id":4064,"href":"https:\/\/2024.custombikeshow.se\/fi\/wp-json\/wp\/v2\/pages\/41\/revisions\/4064"}],"wp:attachment":[{"href":"https:\/\/2024.custombikeshow.se\/fi\/wp-json\/wp\/v2\/media?parent=41"}],"curies":[{"name":"wp","href":"https:\/\/api.w.org\/{rel}","templated":true}]}}