{"id":42,"date":"2022-04-08T09:12:04","date_gmt":"2022-04-08T07:12:04","guid":{"rendered":"https:\/\/2024.custombikeshow.se\/?page_id=42"},"modified":"2024-05-30T13:19:37","modified_gmt":"2024-05-30T11:19:37","slug":"kontakt","status":"publish","type":"page","link":"https:\/\/2024.custombikeshow.se\/nn\/kontakt\/","title":{"rendered":"Kontakt"},"content":{"rendered":"<div class=\"gb-container gb-container-de6b1749\"><div class=\"gb-inside-container\">\n\n<p>Twin Club Mc<\/p>\n\n\n\n<p>V\u00e5rgatan 3<\/p>\n\n\n\n<p>761 50 Norrt\u00e4lje<\/p>\n\n\n\n<p><\/p>\n\n\n\n<p>Box 212<\/p>\n\n\n\n<p>761 23 Norrt\u00e4lje<\/p>\n\n\n\n<p>Tel +46 70 2211 322<\/p>\n\n\n\n<p>Email. <a href=\"mailto:info@custombikeshow.se\">info@custombikeshow.se<\/a><\/p>\n\n<\/div><\/div>","protected":false},"excerpt":{"rendered":"<p>Twin Club Mc V\u00e5rgatan 3 761 50 Norrt\u00e4lje Box 212 761 23 Norrt\u00e4lje Tel +46 70 2211 322 Email. info@custombikeshow.se<\/p>","protected":false},"author":1,"featured_media":0,"parent":0,"menu_order":0,"comment_status":"closed","ping_status":"closed","template":"","meta":{"_gspb_post_css":"","iawp_total_views":200,"footnotes":""},"class_list":["post-42","page","type-page","status-publish"],"_links":{"self":[{"href":"https:\/\/2024.custombikeshow.se\/nn\/wp-json\/wp\/v2\/pages\/42","targetHints":{"allow":["GET"]}}],"collection":[{"href":"https:\/\/2024.custombikeshow.se\/nn\/wp-json\/wp\/v2\/pages"}],"about":[{"href":"https:\/\/2024.custombikeshow.se\/nn\/wp-json\/wp\/v2\/types\/page"}],"author":[{"embeddable":true,"href":"https:\/\/2024.custombikeshow.se\/nn\/wp-json\/wp\/v2\/users\/1"}],"replies":[{"embeddable":true,"href":"https:\/\/2024.custombikeshow.se\/nn\/wp-json\/wp\/v2\/comments?post=42"}],"version-history":[{"count":4,"href":"https:\/\/2024.custombikeshow.se\/nn\/wp-json\/wp\/v2\/pages\/42\/revisions"}],"predecessor-version":[{"id":3954,"href":"https:\/\/2024.custombikeshow.se\/nn\/wp-json\/wp\/v2\/pages\/42\/revisions\/3954"}],"wp:attachment":[{"href":"https:\/\/2024.custombikeshow.se\/nn\/wp-json\/wp\/v2\/media?parent=42"}],"curies":[{"name":"wp","href":"https:\/\/api.w.org\/{rel}","templated":true}]}}